{"id":1487,"date":"2021-01-21T04:21:04","date_gmt":"2021-01-21T04:21:04","guid":{"rendered":"http:\/\/old4.commonsupport.com\/apartio\/?page_id=1487"},"modified":"2025-12-16T12:05:46","modified_gmt":"2025-12-16T12:05:46","slug":"about-04","status":"publish","type":"page","link":"https:\/\/doorhome.com.tr\/?page_id=1487","title":{"rendered":"\u00c7EL\u0130K KAPILAR"},"content":{"rendered":"\t\t<div data-elementor-type=\"wp-page\" data-elementor-id=\"1487\" class=\"elementor elementor-1487\" data-elementor-post-type=\"page\">\n\t\t\t\t<div class=\"elementor-element elementor-element-371d27b e-con-full e-flex e-con e-parent\" data-id=\"371d27b\" data-element_type=\"container\">\n\t\t\t\t<div class=\"elementor-element elementor-element-9121037 elementor-widget elementor-widget-apartio_gallery3\" data-id=\"9121037\" data-element_type=\"widget\" data-widget_type=\"apartio_gallery3.default\">\n\t\t\t\t<div class=\"elementor-widget-container\">\n\t\t\t\t\t        \n\t\t<!--Start apartment types Area-->\n\t\t<section class=\" apartment-types-area\">\n\t\t\t<div class=\"container-fullwidth\">\n\t\t\t\t<div class=\"sec-title style4 text-center\">\n\t\t\t\t\t<div class=\"title-icon\">\n\t\t\t\t\t\t<span class=\"icon-design\"><\/span>\n\t\t\t\t\t<\/div>\n\t\t\t\t\t<div class=\"sub-title\">\n\t\t\t\t\t\t<h4><\/h4>\n\t\t\t\t\t<\/div>\n\t\t\t\t\t<h2>\u00c7EL\u0130K KAPILAR<\/h2>\n\t\t\t\t\t<p><\/p>\n\t\t\t\t<\/div>\n\t\t\t\t<div class=\"row\">\n\t\t\t\t\t\t\t\t\t\t<!--Start Single Apartment Types Box-->\n\t\t\t\t\t<div class=\"col-xl-4 col-lg-6 col-md-6\">\n\t\t\t\t\t\t<div class=\"single-apartment-types-box\">\n\t\t\t\t\t\t\t<div class=\"img-holder\">\n\t\t\t\t\t\t\t\t<div class=\"inner\">\n\t\t\t\t\t\t\t\t\t<img decoding=\"async\" src=\"https:\/\/doorhome.com.tr\/wp-content\/uploads\/2025\/12\/DRH-DIK-2012_6J3V.jpg\" alt=\"\">\n\t\t\t\t\t\t\t\t<\/div>\n\t\t\t\t\t\t\t\t<div class=\"static-content\">\n\t\t\t\t\t\t\t\t\t<h2>DI\u015e \u0130KL\u0130M SER\u0130 KAPILAR<\/h2>\n\t\t\t\t\t\t\t\t\t<p><\/p>\n\t\t\t\t\t\t\t\t<\/div>\n\t\t\t\t\t\t\t\t<div class=\"overlay-content\">\n\t\t\t\t\t\t\t\t\t<div class=\"inner-box\">\n\t\t\t\t\t\t\t\t\t\t<h2>DI\u015e \u0130KL\u0130M SER\u0130 KAPILAR<\/h2>\n\t\t\t\t\t\t\t\t\t\t<p><\/p>\n\t\t\t\t\t\t\t\t\t\t<div class=\"text\">\n\t\t\t\t\t\t\t\t\t\t\t<p><\/p>\n\t\t\t\t\t\t\t\t\t\t<\/div>\n\t\t\t\t\t\t\t\t\t\t\t\t\t\t\t\t\t\t\t<\/div>    \n\t\t\t\t\t\t\t\t<\/div>    \n\t\t\t\t\t\t\t<\/div>\n\t\t\t\t\t\t<\/div>    \n\t\t\t\t\t<\/div>\n\t\t\t\t\t<!--End Single Apartment Types Box-->  \n\t\t\t\t\t\t\t\t\t\t<!--Start Single Apartment Types Box-->\n\t\t\t\t\t<div class=\"col-xl-4 col-lg-6 col-md-6\">\n\t\t\t\t\t\t<div class=\"single-apartment-types-box\">\n\t\t\t\t\t\t\t<div class=\"img-holder\">\n\t\t\t\t\t\t\t\t<div class=\"inner\">\n\t\t\t\t\t\t\t\t\t<img decoding=\"async\" src=\"https:\/\/doorhome.com.tr\/wp-content\/uploads\/2025\/12\/KMZ-2501_2E9P.jpg\" alt=\"\">\n\t\t\t\t\t\t\t\t<\/div>\n\t\t\t\t\t\t\t\t<div class=\"static-content\">\n\t\t\t\t\t\t\t\t\t<h2>KOMPOZ\u0130T SER\u0130 KAPILAR<\/h2>\n\t\t\t\t\t\t\t\t\t<p><\/p>\n\t\t\t\t\t\t\t\t<\/div>\n\t\t\t\t\t\t\t\t<div class=\"overlay-content\">\n\t\t\t\t\t\t\t\t\t<div class=\"inner-box\">\n\t\t\t\t\t\t\t\t\t\t<h2>KOMPOZ\u0130T SER\u0130 KAPILAR<\/h2>\n\t\t\t\t\t\t\t\t\t\t<p><\/p>\n\t\t\t\t\t\t\t\t\t\t<div class=\"text\">\n\t\t\t\t\t\t\t\t\t\t\t<p><\/p>\n\t\t\t\t\t\t\t\t\t\t<\/div>\n\t\t\t\t\t\t\t\t\t\t\t\t\t\t\t\t\t\t\t<\/div>    \n\t\t\t\t\t\t\t\t<\/div>    \n\t\t\t\t\t\t\t<\/div>\n\t\t\t\t\t\t<\/div>    \n\t\t\t\t\t<\/div>\n\t\t\t\t\t<!--End Single Apartment Types Box-->  \n\t\t\t\t\t\t\t\t\t\t<!--Start Single Apartment Types Box-->\n\t\t\t\t\t<div class=\"col-xl-4 col-lg-6 col-md-6\">\n\t\t\t\t\t\t<div class=\"single-apartment-types-box\">\n\t\t\t\t\t\t\t<div class=\"img-holder\">\n\t\t\t\t\t\t\t\t<div class=\"inner\">\n\t\t\t\t\t\t\t\t\t<img decoding=\"async\" src=\"https:\/\/doorhome.com.tr\/wp-content\/uploads\/2025\/12\/LMX-2406_6N3Z.jpg\" alt=\"\">\n\t\t\t\t\t\t\t\t<\/div>\n\t\t\t\t\t\t\t\t<div class=\"static-content\">\n\t\t\t\t\t\t\t\t\t<h2>LAM\u0130NOKS SER\u0130 KAPILAR<\/h2>\n\t\t\t\t\t\t\t\t\t<p><\/p>\n\t\t\t\t\t\t\t\t<\/div>\n\t\t\t\t\t\t\t\t<div class=\"overlay-content\">\n\t\t\t\t\t\t\t\t\t<div class=\"inner-box\">\n\t\t\t\t\t\t\t\t\t\t<h2>LAM\u0130NOKS SER\u0130 KAPILAR<\/h2>\n\t\t\t\t\t\t\t\t\t\t<p><\/p>\n\t\t\t\t\t\t\t\t\t\t<div class=\"text\">\n\t\t\t\t\t\t\t\t\t\t\t<p><\/p>\n\t\t\t\t\t\t\t\t\t\t<\/div>\n\t\t\t\t\t\t\t\t\t\t\t\t\t\t\t\t\t\t\t<\/div>    \n\t\t\t\t\t\t\t\t<\/div>    \n\t\t\t\t\t\t\t<\/div>\n\t\t\t\t\t\t<\/div>    \n\t\t\t\t\t<\/div>\n\t\t\t\t\t<!--End Single Apartment Types Box-->  \n\t\t\t\t\t\t\t\t\t\t<!--Start Single Apartment Types Box-->\n\t\t\t\t\t<div class=\"col-xl-4 col-lg-6 col-md-6\">\n\t\t\t\t\t\t<div class=\"single-apartment-types-box\">\n\t\t\t\t\t\t\t<div class=\"img-holder\">\n\t\t\t\t\t\t\t\t<div class=\"inner\">\n\t\t\t\t\t\t\t\t\t<img decoding=\"async\" src=\"https:\/\/doorhome.com.tr\/wp-content\/uploads\/2025\/12\/DRH-KBR-2104_5A2L.jpg\" alt=\"\">\n\t\t\t\t\t\t\t\t<\/div>\n\t\t\t\t\t\t\t\t<div class=\"static-content\">\n\t\t\t\t\t\t\t\t\t<h2>L\u00dcKS KABARTMA SER\u0130 KAPILAR<\/h2>\n\t\t\t\t\t\t\t\t\t<p><\/p>\n\t\t\t\t\t\t\t\t<\/div>\n\t\t\t\t\t\t\t\t<div class=\"overlay-content\">\n\t\t\t\t\t\t\t\t\t<div class=\"inner-box\">\n\t\t\t\t\t\t\t\t\t\t<h2>L\u00dcKS KABARTMA SER\u0130 KAPILAR<\/h2>\n\t\t\t\t\t\t\t\t\t\t<p><\/p>\n\t\t\t\t\t\t\t\t\t\t<div class=\"text\">\n\t\t\t\t\t\t\t\t\t\t\t<p><\/p>\n\t\t\t\t\t\t\t\t\t\t<\/div>\n\t\t\t\t\t\t\t\t\t\t\t\t\t\t\t\t\t\t\t<\/div>    \n\t\t\t\t\t\t\t\t<\/div>    \n\t\t\t\t\t\t\t<\/div>\n\t\t\t\t\t\t<\/div>    \n\t\t\t\t\t<\/div>\n\t\t\t\t\t<!--End Single Apartment Types Box-->  \n\t\t\t\t\t\t\t\t\t\t<!--Start Single Apartment Types Box-->\n\t\t\t\t\t<div class=\"col-xl-4 col-lg-6 col-md-6\">\n\t\t\t\t\t\t<div class=\"single-apartment-types-box\">\n\t\t\t\t\t\t\t<div class=\"img-holder\">\n\t\t\t\t\t\t\t\t<div class=\"inner\">\n\t\t\t\t\t\t\t\t\t<img decoding=\"async\" src=\"https:\/\/doorhome.com.tr\/wp-content\/uploads\/2025\/12\/DRH-PVC-2209_7A4L.jpg\" alt=\"\">\n\t\t\t\t\t\t\t\t<\/div>\n\t\t\t\t\t\t\t\t<div class=\"static-content\">\n\t\t\t\t\t\t\t\t\t<h2>L\u00dcKS PVC SER\u0130 KAPILAR<\/h2>\n\t\t\t\t\t\t\t\t\t<p><\/p>\n\t\t\t\t\t\t\t\t<\/div>\n\t\t\t\t\t\t\t\t<div class=\"overlay-content\">\n\t\t\t\t\t\t\t\t\t<div class=\"inner-box\">\n\t\t\t\t\t\t\t\t\t\t<h2>L\u00dcKS PVC SER\u0130 KAPILAR<\/h2>\n\t\t\t\t\t\t\t\t\t\t<p><\/p>\n\t\t\t\t\t\t\t\t\t\t<div class=\"text\">\n\t\t\t\t\t\t\t\t\t\t\t<p><\/p>\n\t\t\t\t\t\t\t\t\t\t<\/div>\n\t\t\t\t\t\t\t\t\t\t\t\t\t\t\t\t\t\t\t<\/div>    \n\t\t\t\t\t\t\t\t<\/div>    \n\t\t\t\t\t\t\t<\/div>\n\t\t\t\t\t\t<\/div>    \n\t\t\t\t\t<\/div>\n\t\t\t\t\t<!--End Single Apartment Types Box-->  \n\t\t\t\t\t\t\t\t\t\t<!--Start Single Apartment Types Box-->\n\t\t\t\t\t<div class=\"col-xl-4 col-lg-6 col-md-6\">\n\t\t\t\t\t\t<div class=\"single-apartment-types-box\">\n\t\t\t\t\t\t\t<div class=\"img-holder\">\n\t\t\t\t\t\t\t\t<div class=\"inner\">\n\t\t\t\t\t\t\t\t\t<img decoding=\"async\" src=\"https:\/\/doorhome.com.tr\/wp-content\/uploads\/2025\/12\/PVT-2302_0M7Y.jpg\" alt=\"\">\n\t\t\t\t\t\t\t\t<\/div>\n\t\t\t\t\t\t\t\t<div class=\"static-content\">\n\t\t\t\t\t\t\t\t\t<h2>P\u0130VOT S\u0130STEM SER\u0130 KAPILAR<\/h2>\n\t\t\t\t\t\t\t\t\t<p><\/p>\n\t\t\t\t\t\t\t\t<\/div>\n\t\t\t\t\t\t\t\t<div class=\"overlay-content\">\n\t\t\t\t\t\t\t\t\t<div class=\"inner-box\">\n\t\t\t\t\t\t\t\t\t\t<h2>P\u0130VOT S\u0130STEM SER\u0130 KAPILAR<\/h2>\n\t\t\t\t\t\t\t\t\t\t<p><\/p>\n\t\t\t\t\t\t\t\t\t\t<div class=\"text\">\n\t\t\t\t\t\t\t\t\t\t\t<p><\/p>\n\t\t\t\t\t\t\t\t\t\t<\/div>\n\t\t\t\t\t\t\t\t\t\t\t\t\t\t\t\t\t\t\t<\/div>    \n\t\t\t\t\t\t\t\t<\/div>    \n\t\t\t\t\t\t\t<\/div>\n\t\t\t\t\t\t<\/div>    \n\t\t\t\t\t<\/div>\n\t\t\t\t\t<!--End Single Apartment Types Box-->  \n\t\t\t\t\t\t\t\t\t<\/div>\n\t\t\t<\/div>    \n\t\t<\/section>\n\t\t<!--End apartment types Area-->\n             \n\t\t\t\t\t\t<\/div>\n\t\t\t\t<\/div>\n\t\t\t\t<\/div>\n\t\t\t\t<\/div>\n\t\t","protected":false},"excerpt":{"rendered":"<p>\u00c7EL\u0130K KAPILAR DI\u015e \u0130KL\u0130M SER\u0130 KAPILAR DI\u015e \u0130KL\u0130M SER\u0130 KAPILAR KOMPOZ\u0130T SER\u0130 KAPILAR KOMPOZ\u0130T SER\u0130 KAPILAR LAM\u0130NOKS SER\u0130 KAPILAR LAM\u0130NOKS SER\u0130 KAPILAR L\u00dcKS KABARTMA SER\u0130 KAPILAR L\u00dcKS KABARTMA SER\u0130 KAPILAR L\u00dcKS PVC SER\u0130 KAPILAR L\u00dcKS PVC SER\u0130 KAPILAR P\u0130VOT S\u0130STEM SER\u0130 KAPILAR P\u0130VOT S\u0130STEM SER\u0130 KAPILAR<\/p>\n","protected":false},"author":1,"featured_media":0,"parent":0,"menu_order":0,"comment_status":"closed","ping_status":"closed","template":"tpl-default-elementor.php","meta":{"footnotes":""},"class_list":["post-1487","page","type-page","status-publish","hentry"],"jetpack_sharing_enabled":true,"_links":{"self":[{"href":"https:\/\/doorhome.com.tr\/index.php?rest_route=\/wp\/v2\/pages\/1487","targetHints":{"allow":["GET"]}}],"collection":[{"href":"https:\/\/doorhome.com.tr\/index.php?rest_route=\/wp\/v2\/pages"}],"about":[{"href":"https:\/\/doorhome.com.tr\/index.php?rest_route=\/wp\/v2\/types\/page"}],"author":[{"embeddable":true,"href":"https:\/\/doorhome.com.tr\/index.php?rest_route=\/wp\/v2\/users\/1"}],"replies":[{"embeddable":true,"href":"https:\/\/doorhome.com.tr\/index.php?rest_route=%2Fwp%2Fv2%2Fcomments&post=1487"}],"version-history":[{"count":8,"href":"https:\/\/doorhome.com.tr\/index.php?rest_route=\/wp\/v2\/pages\/1487\/revisions"}],"predecessor-version":[{"id":3191,"href":"https:\/\/doorhome.com.tr\/index.php?rest_route=\/wp\/v2\/pages\/1487\/revisions\/3191"}],"wp:attachment":[{"href":"https:\/\/doorhome.com.tr\/index.php?rest_route=%2Fwp%2Fv2%2Fmedia&parent=1487"}],"curies":[{"name":"wp","href":"https:\/\/api.w.org\/{rel}","templated":true}]}}