{"id":1592,"date":"2021-01-21T05:28:59","date_gmt":"2021-01-21T05:28:59","guid":{"rendered":"http:\/\/old4.commonsupport.com\/apartio\/?page_id=1592"},"modified":"2025-12-12T12:46:45","modified_gmt":"2025-12-12T12:46:45","slug":"gallery-02","status":"publish","type":"page","link":"https:\/\/doorhome.com.tr\/?page_id=1592","title":{"rendered":"Acil \u00c7\u0131k\u0131\u015f Seri Kap\u0131lar"},"content":{"rendered":"\t\t<div data-elementor-type=\"wp-page\" data-elementor-id=\"1592\" class=\"elementor elementor-1592\" data-elementor-post-type=\"page\">\n\t\t\t\t\t\t<section class=\"elementor-section elementor-top-section elementor-element elementor-element-d3c1ebe elementor-section-stretched elementor-section-full_width elementor-section-height-default elementor-section-height-default\" data-id=\"d3c1ebe\" data-element_type=\"section\" data-settings=\"{&quot;stretch_section&quot;:&quot;section-stretched&quot;}\">\n\t\t\t\t\t\t<div class=\"elementor-container elementor-column-gap-no\">\n\t\t\t\t\t<div class=\"elementor-column elementor-col-100 elementor-top-column elementor-element elementor-element-21054f0\" data-id=\"21054f0\" data-element_type=\"column\">\n\t\t\t<div class=\"elementor-widget-wrap elementor-element-populated\">\n\t\t\t\t\t\t<div class=\"elementor-element elementor-element-f3baae0 elementor-widget elementor-widget-apartio_gallery2\" data-id=\"f3baae0\" data-element_type=\"widget\" data-widget_type=\"apartio_gallery2.default\">\n\t\t\t\t<div class=\"elementor-widget-container\">\n\t\t\t\t\t        \n\n     <script>\n jQuery(document).ready(function($) {\n\n\/\/put the js code under this line \n\nif ($(\".gallery-carousel\").length) {\n    $(\".gallery-carousel\").owlCarousel({\n        loop: true,\n        margin: 110,\n        dots: false,\n        nav: true,\n        stagePadding: 0,\n        singleItem:true,\n        smartSpeed: 500,\n        autoplay: true,\n        autoplayTimeout:6000,\n        responsive:{\n            0:{\n                items:1\n            },\n            600:{\n                items:1\n            },\n            1024:{\n                items:1\n            }\n        }\n    });    \t\t\n}\n\n\/\/put the code above the line \n\n  });\n<\/script>\t\t\n\t\t<!--Start Gallery Style2 Area-->\n\t\t<section class=\" gallery-style2-area\">\n\t\t\t\t\t\t<div class=\"pattern-bg-left paroller\" style=\"background-image: url(https:\/\/doorhome.com.tr\/wp-content\/uploads\/2020\/11\/thm-main-pattern-1.png)\">\n\t\t\t\t\t\t<\/div>\n\t\t\t\t\t\t<div class=\"pattern-bg\" style=\"background-image: url(https:\/\/doorhome.com.tr\/wp-content\/uploads\/2020\/11\/thm-main-pattern-1.png)\">\n\t\t\t\t\t\t<\/div>\n\t\t\t<div class=\"container\">\n\t\t\t\t\t\t\t\t<div class=\"sec-title style3 text-center\">\n\t\t\t\t\t<div class=\"title-icon\">\n\t\t\t\t\t\t<span class=\"icon-design\"><\/span>\n\t\t\t\t\t<\/div>\n\t\t\t\t\t<div class=\"sub-title\">\n\t\t\t\t\t\t<h4>Yang\u0131n ve Acil Durum G\u00fcvenlik \u00c7\u00f6z\u00fcmleri<\/h4>\n\t\t\t\t\t<\/div>\n\t\t\t\t\t<h2>Acil \u00c7\u0131k\u0131\u015f Seri Kap\u0131lar<\/h2>\n\t\t\t\t\t<p>Acil \u00c7\u0131k\u0131\u015f Seri Kap\u0131lar, yang\u0131n ve acil durum anlar\u0131nda g\u00fcvenli tahliyeyi sa\u011flamak \u00fczere \u00f6zel olarak tasarlanm\u0131\u015ft\u0131r. Dayan\u0131kl\u0131 g\u00f6vde yap\u0131s\u0131, h\u0131zl\u0131 a\u00e7\u0131labilir panik bar sistemi ve standartlara uygun donan\u0131m\u0131 sayesinde; oteller, hastaneler, AVM\u2019ler ve end\u00fcstriyel alanlarda maksimum g\u00fcvenlik sunar. Fonksiyonel tasar\u0131m\u0131, uzun \u00f6m\u00fcrl\u00fc kullan\u0131m\u0131 ve y\u00f6netmeliklere uyumlu yap\u0131s\u0131yla acil durum g\u00fcvenli\u011finde g\u00fcvenilir bir \u00e7\u00f6z\u00fcmd\u00fcr.<\/p>\n\t\t\t\t<\/div>\n\t\t\t\t\t\t\t\t<div class=\"row\">\n\t\t\t\t\t<div class=\"col-xl-12\">\n\t\t\t\t\t\t<div class=\"gallery-carousel owl-carousel owl-theme owl-nav-style-one\">\n\t\t\t\t\t\t\t\t\t\t\t\t\t\t<!--Start Single Gallery Item Style2-->\n\t\t\t\t\t\t\t<div class=\"single-gallery-item-style2\">\n\t\t\t\t\t\t\t\t<div class=\"inner-box\">\n\t\t\t\t\t\t\t\t\t<div class=\"img-holder\">\n\t\t\t\t\t\t\t\t\t\t<img decoding=\"async\" src=\"https:\/\/doorhome.com.tr\/wp-content\/uploads\/2025\/12\/FEX-2601_7Y4K.jpg\" alt=\"\">\n\t\t\t\t\t\t\t\t\t<\/div>\n\t\t\t\t\t\t\t\t\t<div class=\"overlay-content thm_bgclr1\">\n\t\t\t\t\t\t\t\t\t\t<h2>DRH - FEX - 2601<\/h2>\n\t\t\t\t\t\t\t\t\t\t<div class=\"border-box\"><\/div>\n\t\t\t\t\t\t\t\t\t\t<p><\/p>\n\t\t\t\t\t\t\t\t\t<\/div>    \n\t\t\t\t\t\t\t\t<\/div>    \n\t\t\t\t\t\t\t<\/div>\n\t\t\t\t\t\t\t<!--End Single Gallery Item Style2-->\n\t\t\t\t\t\t\t\t\t\t\t\t\t\t<!--Start Single Gallery Item Style2-->\n\t\t\t\t\t\t\t<div class=\"single-gallery-item-style2\">\n\t\t\t\t\t\t\t\t<div class=\"inner-box\">\n\t\t\t\t\t\t\t\t\t<div class=\"img-holder\">\n\t\t\t\t\t\t\t\t\t\t<img decoding=\"async\" src=\"https:\/\/doorhome.com.tr\/wp-content\/uploads\/2025\/12\/FEX-2602_1F8R.jpg\" alt=\"\">\n\t\t\t\t\t\t\t\t\t<\/div>\n\t\t\t\t\t\t\t\t\t<div class=\"overlay-content thm_bgclr1\">\n\t\t\t\t\t\t\t\t\t\t<h2>DRH - FEX - 2602<\/h2>\n\t\t\t\t\t\t\t\t\t\t<div class=\"border-box\"><\/div>\n\t\t\t\t\t\t\t\t\t\t<p><\/p>\n\t\t\t\t\t\t\t\t\t<\/div>    \n\t\t\t\t\t\t\t\t<\/div>    \n\t\t\t\t\t\t\t<\/div>\n\t\t\t\t\t\t\t<!--End Single Gallery Item Style2-->\n\t\t\t\t\t\t\t\t\t\t\t\t\t\t<!--Start Single Gallery Item Style2-->\n\t\t\t\t\t\t\t<div class=\"single-gallery-item-style2\">\n\t\t\t\t\t\t\t\t<div class=\"inner-box\">\n\t\t\t\t\t\t\t\t\t<div class=\"img-holder\">\n\t\t\t\t\t\t\t\t\t\t<img decoding=\"async\" src=\"https:\/\/doorhome.com.tr\/wp-content\/uploads\/2025\/12\/FEX-2603_7V4H.jpg\" alt=\"\">\n\t\t\t\t\t\t\t\t\t<\/div>\n\t\t\t\t\t\t\t\t\t<div class=\"overlay-content thm_bgclr1\">\n\t\t\t\t\t\t\t\t\t\t<h2>DRH - FEX - 2603<\/h2>\n\t\t\t\t\t\t\t\t\t\t<div class=\"border-box\"><\/div>\n\t\t\t\t\t\t\t\t\t\t<p><\/p>\n\t\t\t\t\t\t\t\t\t<\/div>    \n\t\t\t\t\t\t\t\t<\/div>    \n\t\t\t\t\t\t\t<\/div>\n\t\t\t\t\t\t\t<!--End Single Gallery Item Style2-->\n\t\t\t\t\t\t\t\t\t\t\t\t\t\t<!--Start Single Gallery Item Style2-->\n\t\t\t\t\t\t\t<div class=\"single-gallery-item-style2\">\n\t\t\t\t\t\t\t\t<div class=\"inner-box\">\n\t\t\t\t\t\t\t\t\t<div class=\"img-holder\">\n\t\t\t\t\t\t\t\t\t\t<img decoding=\"async\" src=\"https:\/\/doorhome.com.tr\/wp-content\/uploads\/2025\/12\/FEX-2604_4N1Y.jpg\" alt=\"\">\n\t\t\t\t\t\t\t\t\t<\/div>\n\t\t\t\t\t\t\t\t\t<div class=\"overlay-content thm_bgclr1\">\n\t\t\t\t\t\t\t\t\t\t<h2>DRH - FEX - 2604<\/h2>\n\t\t\t\t\t\t\t\t\t\t<div class=\"border-box\"><\/div>\n\t\t\t\t\t\t\t\t\t\t<p><\/p>\n\t\t\t\t\t\t\t\t\t<\/div>    \n\t\t\t\t\t\t\t\t<\/div>    \n\t\t\t\t\t\t\t<\/div>\n\t\t\t\t\t\t\t<!--End Single Gallery Item Style2-->\n\t\t\t\t\t\t\t\t\t\t\t\t\t<\/div>\n\t\t\t\t\t<\/div>\n\t\t\t\t<\/div>\n\t\t\t<\/div>\n\t\t<\/section>\n\t\t<!--End Gallery Style2 Area-->\n             \n\t\t\t\t\t\t<\/div>\n\t\t\t\t<\/div>\n\t\t\t\t\t<\/div>\n\t\t<\/div>\n\t\t\t\t\t<\/div>\n\t\t<\/section>\n\t\t\t\t<\/div>\n\t\t","protected":false},"excerpt":{"rendered":"<p>Yang\u0131n ve Acil Durum G\u00fcvenlik \u00c7\u00f6z\u00fcmleri Acil \u00c7\u0131k\u0131\u015f Seri Kap\u0131lar Acil \u00c7\u0131k\u0131\u015f Seri Kap\u0131lar, yang\u0131n ve acil durum anlar\u0131nda g\u00fcvenli tahliyeyi sa\u011flamak \u00fczere \u00f6zel olarak tasarlanm\u0131\u015ft\u0131r. Dayan\u0131kl\u0131 g\u00f6vde yap\u0131s\u0131, h\u0131zl\u0131 a\u00e7\u0131labilir panik bar sistemi ve standartlara uygun donan\u0131m\u0131 sayesinde; oteller, hastaneler, AVM\u2019ler ve end\u00fcstriyel alanlarda maksimum g\u00fcvenlik sunar. Fonksiyonel tasar\u0131m\u0131, uzun \u00f6m\u00fcrl\u00fc kullan\u0131m\u0131 ve y\u00f6netmeliklere [&hellip;]<\/p>\n","protected":false},"author":1,"featured_media":0,"parent":0,"menu_order":0,"comment_status":"closed","ping_status":"closed","template":"tpl-default-elementor.php","meta":{"footnotes":""},"class_list":["post-1592","page","type-page","status-publish","hentry"],"jetpack_sharing_enabled":true,"_links":{"self":[{"href":"https:\/\/doorhome.com.tr\/index.php?rest_route=\/wp\/v2\/pages\/1592","targetHints":{"allow":["GET"]}}],"collection":[{"href":"https:\/\/doorhome.com.tr\/index.php?rest_route=\/wp\/v2\/pages"}],"about":[{"href":"https:\/\/doorhome.com.tr\/index.php?rest_route=\/wp\/v2\/types\/page"}],"author":[{"embeddable":true,"href":"https:\/\/doorhome.com.tr\/index.php?rest_route=\/wp\/v2\/users\/1"}],"replies":[{"embeddable":true,"href":"https:\/\/doorhome.com.tr\/index.php?rest_route=%2Fwp%2Fv2%2Fcomments&post=1592"}],"version-history":[{"count":5,"href":"https:\/\/doorhome.com.tr\/index.php?rest_route=\/wp\/v2\/pages\/1592\/revisions"}],"predecessor-version":[{"id":2902,"href":"https:\/\/doorhome.com.tr\/index.php?rest_route=\/wp\/v2\/pages\/1592\/revisions\/2902"}],"wp:attachment":[{"href":"https:\/\/doorhome.com.tr\/index.php?rest_route=%2Fwp%2Fv2%2Fmedia&parent=1592"}],"curies":[{"name":"wp","href":"https:\/\/api.w.org\/{rel}","templated":true}]}}