{"id":1597,"date":"2021-01-21T05:30:55","date_gmt":"2021-01-21T05:30:55","guid":{"rendered":"http:\/\/old4.commonsupport.com\/apartio\/?page_id=1597"},"modified":"2025-12-15T09:33:01","modified_gmt":"2025-12-15T09:33:01","slug":"gallery-03","status":"publish","type":"page","link":"https:\/\/doorhome.com.tr\/?page_id=1597","title":{"rendered":"L\u00dcKS KABARTMA SER\u0130 KAPILAR"},"content":{"rendered":"\t\t<div data-elementor-type=\"wp-page\" data-elementor-id=\"1597\" class=\"elementor elementor-1597\" data-elementor-post-type=\"page\">\n\t\t\t\t\t\t<section class=\"elementor-section elementor-top-section elementor-element elementor-element-d6acccf elementor-section-stretched elementor-section-full_width elementor-section-height-default elementor-section-height-default\" data-id=\"d6acccf\" data-element_type=\"section\" data-settings=\"{&quot;stretch_section&quot;:&quot;section-stretched&quot;}\">\n\t\t\t\t\t\t<div class=\"elementor-container elementor-column-gap-no\">\n\t\t\t\t\t<div class=\"elementor-column elementor-col-100 elementor-top-column elementor-element elementor-element-a118aab\" data-id=\"a118aab\" data-element_type=\"column\">\n\t\t\t<div class=\"elementor-widget-wrap elementor-element-populated\">\n\t\t\t\t\t\t<div class=\"elementor-element elementor-element-c44a8e4 elementor-widget elementor-widget-apartio_gallery\" data-id=\"c44a8e4\" data-element_type=\"widget\" data-widget_type=\"apartio_gallery.default\">\n\t\t\t\t<div class=\"elementor-widget-container\">\n\t\t\t\t\t        \n\t\t<!--Start Gallery Area-->\n\t\t<section class=\" gallery-area\">\n\t\t\t<div class=\"container-box\">\n\t\t\t\t\t\t\t\t<div class=\"sec-title text-center\">\n\t\t\t\t\t<div class=\"title-icon\">\n\t\t\t\t\t\t<span class=\"icon-design\"><\/span>\n\t\t\t\t\t<\/div>\n\t\t\t\t\t<div class=\"sub-title\">\n\t\t\t\t\t\t<h4>L\u00fcks Kabartma Seri Kap\u0131lar, \u00f6zel kabartma y\u00fczey detaylar\u0131, y\u00fcksek kaliteli malzeme yap\u0131s\u0131 ve zarif tasar\u0131m \u00e7izgileri ile mek\u00e2nlara prestij kazand\u0131r\u0131r. <BR>Klasik \u015f\u0131kl\u0131\u011f\u0131 modern \u00fcretim teknolojisiyle birle\u015ftirerek, hem estetik hem de uzun \u00f6m\u00fcrl\u00fc bir kullan\u0131m sunar.<\/h4>\n\t\t\t\t\t<\/div>\n\t\t\t\t\t<h2>L\u00dcKS KABARTMA SER\u0130 KAPILAR<\/h2>\n\t\t\t\t<\/div>\n\t\t\t\t\t\t\t\t<div class=\"row\">\n\t\t\t\t\t\t\t\t\t\t<!--Start Single Gallery Item-->\n\t\t\t\t\t<div class=\"col-xl-4 col-lg-3 col-md-6\">\n\t\t\t\t\t\t<div class=\"single-gallery-item\">\n\t\t\t\t\t\t\t<div class=\"img-holder\">\n\t\t\t\t\t\t\t\t<img decoding=\"async\" src=\"https:\/\/doorhome.com.tr\/wp-content\/uploads\/2025\/12\/DRH-KBR-2101_6I3U.jpg\" alt=\"\">\n\t\t\t\t\t\t\t\t<div class=\"zoom-button\">\n\t\t\t\t\t\t\t\t\t<a class=\"lightbox-image\" data-fancybox=\"gallery\" href=\"https:\/\/doorhome.com.tr\/wp-content\/uploads\/2025\/12\/DRH-KBR-2101_6I3U.jpg\">\n\t\t\t\t\t\t\t\t\t\t<i class=\"fa fa-search-plus\" aria-hidden=\"true\"><\/i>\n\t\t\t\t\t\t\t\t\t<\/a>\n\t\t\t\t\t\t\t\t<\/div>\n\t\t\t\t\t\t\t<\/div>    \n\t\t\t\t\t\t<\/div>\n\t\t\t\t\t<\/div>\n\t\t\t\t\t<!--End Single Gallery Item-->   \n\t\t\t\t\t\t\t\t\t\t<!--Start Single Gallery Item-->\n\t\t\t\t\t<div class=\"col-xl-4 col-lg-3 col-md-6\">\n\t\t\t\t\t\t<div class=\"single-gallery-item\">\n\t\t\t\t\t\t\t<div class=\"img-holder\">\n\t\t\t\t\t\t\t\t<img decoding=\"async\" src=\"https:\/\/doorhome.com.tr\/wp-content\/uploads\/2025\/12\/DRH-KBR-2102_3G0R.jpg\" alt=\"\">\n\t\t\t\t\t\t\t\t<div class=\"zoom-button\">\n\t\t\t\t\t\t\t\t\t<a class=\"lightbox-image\" data-fancybox=\"gallery\" href=\"https:\/\/doorhome.com.tr\/wp-content\/uploads\/2025\/12\/DRH-KBR-2102_3G0R.jpg\">\n\t\t\t\t\t\t\t\t\t\t<i class=\"fa fa-search-plus\" aria-hidden=\"true\"><\/i>\n\t\t\t\t\t\t\t\t\t<\/a>\n\t\t\t\t\t\t\t\t<\/div>\n\t\t\t\t\t\t\t<\/div>    \n\t\t\t\t\t\t<\/div>\n\t\t\t\t\t<\/div>\n\t\t\t\t\t<!--End Single Gallery Item-->   \n\t\t\t\t\t\t\t\t\t\t<!--Start Single Gallery Item-->\n\t\t\t\t\t<div class=\"col-xl-4 col-lg-3 col-md-6\">\n\t\t\t\t\t\t<div class=\"single-gallery-item\">\n\t\t\t\t\t\t\t<div class=\"img-holder\">\n\t\t\t\t\t\t\t\t<img decoding=\"async\" src=\"https:\/\/doorhome.com.tr\/wp-content\/uploads\/2025\/12\/DRH-KBR-2103_7A4M.jpg\" alt=\"\">\n\t\t\t\t\t\t\t\t<div class=\"zoom-button\">\n\t\t\t\t\t\t\t\t\t<a class=\"lightbox-image\" data-fancybox=\"gallery\" href=\"https:\/\/doorhome.com.tr\/wp-content\/uploads\/2025\/12\/DRH-KBR-2103_7A4M.jpg\">\n\t\t\t\t\t\t\t\t\t\t<i class=\"fa fa-search-plus\" aria-hidden=\"true\"><\/i>\n\t\t\t\t\t\t\t\t\t<\/a>\n\t\t\t\t\t\t\t\t<\/div>\n\t\t\t\t\t\t\t<\/div>    \n\t\t\t\t\t\t<\/div>\n\t\t\t\t\t<\/div>\n\t\t\t\t\t<!--End Single Gallery Item-->   \n\t\t\t\t\t\t\t\t\t\t<!--Start Single Gallery Item-->\n\t\t\t\t\t<div class=\"col-xl-4 col-lg-3 col-md-6\">\n\t\t\t\t\t\t<div class=\"single-gallery-item\">\n\t\t\t\t\t\t\t<div class=\"img-holder\">\n\t\t\t\t\t\t\t\t<img decoding=\"async\" src=\"https:\/\/doorhome.com.tr\/wp-content\/uploads\/2025\/12\/DRH-KBR-2104_5A2L.jpg\" alt=\"\">\n\t\t\t\t\t\t\t\t<div class=\"zoom-button\">\n\t\t\t\t\t\t\t\t\t<a class=\"lightbox-image\" data-fancybox=\"gallery\" href=\"https:\/\/doorhome.com.tr\/wp-content\/uploads\/2025\/12\/DRH-KBR-2104_5A2L.jpg\">\n\t\t\t\t\t\t\t\t\t\t<i class=\"fa fa-search-plus\" aria-hidden=\"true\"><\/i>\n\t\t\t\t\t\t\t\t\t<\/a>\n\t\t\t\t\t\t\t\t<\/div>\n\t\t\t\t\t\t\t<\/div>    \n\t\t\t\t\t\t<\/div>\n\t\t\t\t\t<\/div>\n\t\t\t\t\t<!--End Single Gallery Item-->   \n\t\t\t\t\t\t\t\t\t\t<!--Start Single Gallery Item-->\n\t\t\t\t\t<div class=\"col-xl-4 col-lg-3 col-md-6\">\n\t\t\t\t\t\t<div class=\"single-gallery-item\">\n\t\t\t\t\t\t\t<div class=\"img-holder\">\n\t\t\t\t\t\t\t\t<img decoding=\"async\" src=\"https:\/\/doorhome.com.tr\/wp-content\/uploads\/2025\/12\/DRH-KBR-2105_3E0P.jpg\" alt=\"\">\n\t\t\t\t\t\t\t\t<div class=\"zoom-button\">\n\t\t\t\t\t\t\t\t\t<a class=\"lightbox-image\" data-fancybox=\"gallery\" href=\"https:\/\/doorhome.com.tr\/wp-content\/uploads\/2025\/12\/DRH-KBR-2105_3E0P.jpg\">\n\t\t\t\t\t\t\t\t\t\t<i class=\"fa fa-search-plus\" aria-hidden=\"true\"><\/i>\n\t\t\t\t\t\t\t\t\t<\/a>\n\t\t\t\t\t\t\t\t<\/div>\n\t\t\t\t\t\t\t<\/div>    \n\t\t\t\t\t\t<\/div>\n\t\t\t\t\t<\/div>\n\t\t\t\t\t<!--End Single Gallery Item-->   \n\t\t\t\t\t\t\t\t\t\t<!--Start Single Gallery Item-->\n\t\t\t\t\t<div class=\"col-xl-4 col-lg-3 col-md-6\">\n\t\t\t\t\t\t<div class=\"single-gallery-item\">\n\t\t\t\t\t\t\t<div class=\"img-holder\">\n\t\t\t\t\t\t\t\t<img decoding=\"async\" src=\"https:\/\/doorhome.com.tr\/wp-content\/uploads\/2025\/12\/DRH-KBR-2106_4A1L.jpg\" alt=\"\">\n\t\t\t\t\t\t\t\t<div class=\"zoom-button\">\n\t\t\t\t\t\t\t\t\t<a class=\"lightbox-image\" data-fancybox=\"gallery\" href=\"https:\/\/doorhome.com.tr\/wp-content\/uploads\/2025\/12\/DRH-KBR-2106_4A1L.jpg\">\n\t\t\t\t\t\t\t\t\t\t<i class=\"fa fa-search-plus\" aria-hidden=\"true\"><\/i>\n\t\t\t\t\t\t\t\t\t<\/a>\n\t\t\t\t\t\t\t\t<\/div>\n\t\t\t\t\t\t\t<\/div>    \n\t\t\t\t\t\t<\/div>\n\t\t\t\t\t<\/div>\n\t\t\t\t\t<!--End Single Gallery Item-->   \n\t\t\t\t\t\t\t\t\t\t<!--Start Single Gallery Item-->\n\t\t\t\t\t<div class=\"col-xl-4 col-lg-3 col-md-6\">\n\t\t\t\t\t\t<div class=\"single-gallery-item\">\n\t\t\t\t\t\t\t<div class=\"img-holder\">\n\t\t\t\t\t\t\t\t<img decoding=\"async\" src=\"https:\/\/doorhome.com.tr\/wp-content\/uploads\/2025\/12\/DRH-KBR-2107_8K5W.jpg\" alt=\"\">\n\t\t\t\t\t\t\t\t<div class=\"zoom-button\">\n\t\t\t\t\t\t\t\t\t<a class=\"lightbox-image\" data-fancybox=\"gallery\" href=\"https:\/\/doorhome.com.tr\/wp-content\/uploads\/2025\/12\/DRH-KBR-2107_8K5W.jpg\">\n\t\t\t\t\t\t\t\t\t\t<i class=\"fa fa-search-plus\" aria-hidden=\"true\"><\/i>\n\t\t\t\t\t\t\t\t\t<\/a>\n\t\t\t\t\t\t\t\t<\/div>\n\t\t\t\t\t\t\t<\/div>    \n\t\t\t\t\t\t<\/div>\n\t\t\t\t\t<\/div>\n\t\t\t\t\t<!--End Single Gallery Item-->   \n\t\t\t\t\t\t\t\t\t\t<!--Start Single Gallery Item-->\n\t\t\t\t\t<div class=\"col-xl-4 col-lg-3 col-md-6\">\n\t\t\t\t\t\t<div class=\"single-gallery-item\">\n\t\t\t\t\t\t\t<div class=\"img-holder\">\n\t\t\t\t\t\t\t\t<img decoding=\"async\" src=\"https:\/\/doorhome.com.tr\/wp-content\/uploads\/2025\/12\/DRH-KBR-2108_7Q4C.jpg\" alt=\"\">\n\t\t\t\t\t\t\t\t<div class=\"zoom-button\">\n\t\t\t\t\t\t\t\t\t<a class=\"lightbox-image\" data-fancybox=\"gallery\" href=\"https:\/\/doorhome.com.tr\/wp-content\/uploads\/2025\/12\/DRH-KBR-2108_7Q4C.jpg\">\n\t\t\t\t\t\t\t\t\t\t<i class=\"fa fa-search-plus\" aria-hidden=\"true\"><\/i>\n\t\t\t\t\t\t\t\t\t<\/a>\n\t\t\t\t\t\t\t\t<\/div>\n\t\t\t\t\t\t\t<\/div>    \n\t\t\t\t\t\t<\/div>\n\t\t\t\t\t<\/div>\n\t\t\t\t\t<!--End Single Gallery Item-->   \n\t\t\t\t\t\t\t\t\t\t<!--Start Single Gallery Item-->\n\t\t\t\t\t<div class=\"col-xl-4 col-lg-3 col-md-6\">\n\t\t\t\t\t\t<div class=\"single-gallery-item\">\n\t\t\t\t\t\t\t<div class=\"img-holder\">\n\t\t\t\t\t\t\t\t<img decoding=\"async\" src=\"https:\/\/doorhome.com.tr\/wp-content\/uploads\/2025\/12\/DRH-KBR-2109_4W1I.jpg\" alt=\"\">\n\t\t\t\t\t\t\t\t<div class=\"zoom-button\">\n\t\t\t\t\t\t\t\t\t<a class=\"lightbox-image\" data-fancybox=\"gallery\" href=\"https:\/\/doorhome.com.tr\/wp-content\/uploads\/2025\/12\/DRH-KBR-2109_4W1I.jpg\">\n\t\t\t\t\t\t\t\t\t\t<i class=\"fa fa-search-plus\" aria-hidden=\"true\"><\/i>\n\t\t\t\t\t\t\t\t\t<\/a>\n\t\t\t\t\t\t\t\t<\/div>\n\t\t\t\t\t\t\t<\/div>    \n\t\t\t\t\t\t<\/div>\n\t\t\t\t\t<\/div>\n\t\t\t\t\t<!--End Single Gallery Item-->   \n\t\t\t\t\t\t\t\t\t\t<!--Start Single Gallery Item-->\n\t\t\t\t\t<div class=\"col-xl-4 col-lg-3 col-md-6\">\n\t\t\t\t\t\t<div class=\"single-gallery-item\">\n\t\t\t\t\t\t\t<div class=\"img-holder\">\n\t\t\t\t\t\t\t\t<img decoding=\"async\" src=\"https:\/\/doorhome.com.tr\/wp-content\/uploads\/2025\/12\/DRH-KBR-2110_8H5T.jpg\" alt=\"\">\n\t\t\t\t\t\t\t\t<div class=\"zoom-button\">\n\t\t\t\t\t\t\t\t\t<a class=\"lightbox-image\" data-fancybox=\"gallery\" href=\"https:\/\/doorhome.com.tr\/wp-content\/uploads\/2025\/12\/DRH-KBR-2110_8H5T.jpg\">\n\t\t\t\t\t\t\t\t\t\t<i class=\"fa fa-search-plus\" aria-hidden=\"true\"><\/i>\n\t\t\t\t\t\t\t\t\t<\/a>\n\t\t\t\t\t\t\t\t<\/div>\n\t\t\t\t\t\t\t<\/div>    \n\t\t\t\t\t\t<\/div>\n\t\t\t\t\t<\/div>\n\t\t\t\t\t<!--End Single Gallery Item-->   \n\t\t\t\t\t\t\t\t\t<\/div>\n\t\t\t<\/div>\n\t\t<\/section>\n\t\t<!--End Gallery Area-->\n             \n\t\t\t\t\t\t<\/div>\n\t\t\t\t<\/div>\n\t\t\t\t\t<\/div>\n\t\t<\/div>\n\t\t\t\t\t<\/div>\n\t\t<\/section>\n\t\t\t\t<\/div>\n\t\t","protected":false},"excerpt":{"rendered":"<p>Apartio With Best Deals &#038; Favours Select Apartment Style Sed perspiciatis unde omnis iste natus error sit voluptatem laudantium totam rem aperiam eaqu ipsa quae ab illo inventore veritatis met quasis. Duplex \/ Triplex STARTS FROM 120 Sq ft Duplex \/ Triplex STARTS FROM 120 Sq ft Enimad minim veniam quis nostrud exercit ation ullamco [&hellip;]<\/p>\n","protected":false},"author":1,"featured_media":0,"parent":0,"menu_order":0,"comment_status":"closed","ping_status":"closed","template":"tpl-default-elementor.php","meta":{"footnotes":""},"class_list":["post-1597","page","type-page","status-publish","hentry"],"jetpack_sharing_enabled":true,"_links":{"self":[{"href":"https:\/\/doorhome.com.tr\/index.php?rest_route=\/wp\/v2\/pages\/1597","targetHints":{"allow":["GET"]}}],"collection":[{"href":"https:\/\/doorhome.com.tr\/index.php?rest_route=\/wp\/v2\/pages"}],"about":[{"href":"https:\/\/doorhome.com.tr\/index.php?rest_route=\/wp\/v2\/types\/page"}],"author":[{"embeddable":true,"href":"https:\/\/doorhome.com.tr\/index.php?rest_route=\/wp\/v2\/users\/1"}],"replies":[{"embeddable":true,"href":"https:\/\/doorhome.com.tr\/index.php?rest_route=%2Fwp%2Fv2%2Fcomments&post=1597"}],"version-history":[{"count":6,"href":"https:\/\/doorhome.com.tr\/index.php?rest_route=\/wp\/v2\/pages\/1597\/revisions"}],"predecessor-version":[{"id":2998,"href":"https:\/\/doorhome.com.tr\/index.php?rest_route=\/wp\/v2\/pages\/1597\/revisions\/2998"}],"wp:attachment":[{"href":"https:\/\/doorhome.com.tr\/index.php?rest_route=%2Fwp%2Fv2%2Fmedia&parent=1597"}],"curies":[{"name":"wp","href":"https:\/\/api.w.org\/{rel}","templated":true}]}}