{"id":1746,"date":"2021-01-21T15:22:30","date_gmt":"2021-01-21T15:22:30","guid":{"rendered":"http:\/\/old4.commonsupport.com\/apartio\/?page_id=1746"},"modified":"2025-12-15T12:16:56","modified_gmt":"2025-12-15T12:16:56","slug":"amenities-style-01","status":"publish","type":"page","link":"https:\/\/doorhome.com.tr\/?page_id=1746","title":{"rendered":"LAM\u0130NOKS SER\u0130 KAPILAR"},"content":{"rendered":"\t\t<div data-elementor-type=\"wp-page\" data-elementor-id=\"1746\" class=\"elementor elementor-1746\" data-elementor-post-type=\"page\">\n\t\t\t\t\t\t<section class=\"elementor-section elementor-top-section elementor-element elementor-element-062d55c elementor-section-stretched elementor-section-full_width elementor-section-height-default elementor-section-height-default\" data-id=\"062d55c\" data-element_type=\"section\" data-settings=\"{&quot;stretch_section&quot;:&quot;section-stretched&quot;}\">\n\t\t\t\t\t\t<div class=\"elementor-container elementor-column-gap-no\">\n\t\t\t\t\t<div class=\"elementor-column elementor-col-100 elementor-top-column elementor-element elementor-element-178f60e\" data-id=\"178f60e\" data-element_type=\"column\">\n\t\t\t<div class=\"elementor-widget-wrap elementor-element-populated\">\n\t\t\t\t\t\t<div class=\"elementor-element elementor-element-98c1491 elementor-widget elementor-widget-apartio_amenities_title\" data-id=\"98c1491\" data-element_type=\"widget\" data-widget_type=\"apartio_amenities_title.default\">\n\t\t\t\t<div class=\"elementor-widget-container\">\n\t\t\t\t\t        \n\t\t<!--Start amenities Style1 Area-->\n\t\t<section class=\"one amenities-style1-area\">\n\t\t\t<div class=\"container\">\n\t\t\t\t<div class=\"sec-title text-center\">\n\t\t\t\t\t<div class=\"title-icon\">\n\t\t\t\t\t\t<span class=\"icon-design\"><\/span>\n\t\t\t\t\t<\/div>\n\t\t\t\t\t<div class=\"sub-title\">\n\t\t\t\t\t\t<h4>Zamans\u0131z Tasar\u0131m, \u00dcst\u00fcn Dayan\u0131m<\/h4>\n\t\t\t\t\t<\/div>\n\t\t\t\t\t<h2>LAM\u0130NOKS SER\u0130 KAPILAR\n<\/h2>\n\t\t\t\t<\/div>\n\t\t\t<\/div>\n\t\t<\/section>\n\t\t<!--End amenities Style1 Area-->\n             \n\t\t\t\t\t\t<\/div>\n\t\t\t\t<\/div>\n\t\t\t\t\t<\/div>\n\t\t<\/div>\n\t\t\t\t\t<\/div>\n\t\t<\/section>\n\t\t<div class=\"elementor-element elementor-element-4f1e29b e-con-full e-flex e-con e-parent\" data-id=\"4f1e29b\" data-element_type=\"container\">\n\t\t\t\t<div class=\"elementor-element elementor-element-3a91d2c elementor-widget elementor-widget-apartio_gallery\" data-id=\"3a91d2c\" data-element_type=\"widget\" data-widget_type=\"apartio_gallery.default\">\n\t\t\t\t<div class=\"elementor-widget-container\">\n\t\t\t\t\t        \n\t\t<!--Start Gallery Area-->\n\t\t<section class=\" gallery-area\">\n\t\t\t<div class=\"container-box\">\n\t\t\t\t\t\t\t\t<div class=\"row\">\n\t\t\t\t\t\t\t\t\t\t<!--Start Single Gallery Item-->\n\t\t\t\t\t<div class=\"col-xl-4 col-lg-3 col-md-6\">\n\t\t\t\t\t\t<div class=\"single-gallery-item\">\n\t\t\t\t\t\t\t<div class=\"img-holder\">\n\t\t\t\t\t\t\t\t<img decoding=\"async\" src=\"https:\/\/doorhome.com.tr\/wp-content\/uploads\/2025\/12\/dr-501_7F4Q.jpg\" alt=\"\">\n\t\t\t\t\t\t\t\t<div class=\"zoom-button\">\n\t\t\t\t\t\t\t\t\t<a class=\"lightbox-image\" data-fancybox=\"gallery\" href=\"https:\/\/doorhome.com.tr\/wp-content\/uploads\/2025\/12\/dr-501_7F4Q.jpg\">\n\t\t\t\t\t\t\t\t\t\t<i class=\"fa fa-search-plus\" aria-hidden=\"true\"><\/i>\n\t\t\t\t\t\t\t\t\t<\/a>\n\t\t\t\t\t\t\t\t<\/div>\n\t\t\t\t\t\t\t<\/div>    \n\t\t\t\t\t\t<\/div>\n\t\t\t\t\t<\/div>\n\t\t\t\t\t<!--End Single Gallery Item-->   \n\t\t\t\t\t\t\t\t\t\t<!--Start Single Gallery Item-->\n\t\t\t\t\t<div class=\"col-xl-4 col-lg-3 col-md-6\">\n\t\t\t\t\t\t<div class=\"single-gallery-item\">\n\t\t\t\t\t\t\t<div class=\"img-holder\">\n\t\t\t\t\t\t\t\t<img decoding=\"async\" src=\"https:\/\/doorhome.com.tr\/wp-content\/uploads\/2025\/12\/dr-502_6D3O.jpg\" alt=\"\">\n\t\t\t\t\t\t\t\t<div class=\"zoom-button\">\n\t\t\t\t\t\t\t\t\t<a class=\"lightbox-image\" data-fancybox=\"gallery\" href=\"https:\/\/doorhome.com.tr\/wp-content\/uploads\/2025\/12\/dr-502_6D3O.jpg\">\n\t\t\t\t\t\t\t\t\t\t<i class=\"fa fa-search-plus\" aria-hidden=\"true\"><\/i>\n\t\t\t\t\t\t\t\t\t<\/a>\n\t\t\t\t\t\t\t\t<\/div>\n\t\t\t\t\t\t\t<\/div>    \n\t\t\t\t\t\t<\/div>\n\t\t\t\t\t<\/div>\n\t\t\t\t\t<!--End Single Gallery Item-->   \n\t\t\t\t\t\t\t\t\t\t<!--Start Single Gallery Item-->\n\t\t\t\t\t<div class=\"col-xl-4 col-lg-3 col-md-6\">\n\t\t\t\t\t\t<div class=\"single-gallery-item\">\n\t\t\t\t\t\t\t<div class=\"img-holder\">\n\t\t\t\t\t\t\t\t<img decoding=\"async\" src=\"https:\/\/doorhome.com.tr\/wp-content\/uploads\/2025\/12\/dr-503_3V0G.jpg\" alt=\"\">\n\t\t\t\t\t\t\t\t<div class=\"zoom-button\">\n\t\t\t\t\t\t\t\t\t<a class=\"lightbox-image\" data-fancybox=\"gallery\" href=\"https:\/\/doorhome.com.tr\/wp-content\/uploads\/2025\/12\/dr-503_3V0G.jpg\">\n\t\t\t\t\t\t\t\t\t\t<i class=\"fa fa-search-plus\" aria-hidden=\"true\"><\/i>\n\t\t\t\t\t\t\t\t\t<\/a>\n\t\t\t\t\t\t\t\t<\/div>\n\t\t\t\t\t\t\t<\/div>    \n\t\t\t\t\t\t<\/div>\n\t\t\t\t\t<\/div>\n\t\t\t\t\t<!--End Single Gallery Item-->   \n\t\t\t\t\t\t\t\t\t\t<!--Start Single Gallery Item-->\n\t\t\t\t\t<div class=\"col-xl-4 col-lg-3 col-md-6\">\n\t\t\t\t\t\t<div class=\"single-gallery-item\">\n\t\t\t\t\t\t\t<div class=\"img-holder\">\n\t\t\t\t\t\t\t\t<img decoding=\"async\" src=\"https:\/\/doorhome.com.tr\/wp-content\/uploads\/2025\/12\/dr-504_0U7F.jpg\" alt=\"\">\n\t\t\t\t\t\t\t\t<div class=\"zoom-button\">\n\t\t\t\t\t\t\t\t\t<a class=\"lightbox-image\" data-fancybox=\"gallery\" href=\"https:\/\/doorhome.com.tr\/wp-content\/uploads\/2025\/12\/dr-504_0U7F.jpg\">\n\t\t\t\t\t\t\t\t\t\t<i class=\"fa fa-search-plus\" aria-hidden=\"true\"><\/i>\n\t\t\t\t\t\t\t\t\t<\/a>\n\t\t\t\t\t\t\t\t<\/div>\n\t\t\t\t\t\t\t<\/div>    \n\t\t\t\t\t\t<\/div>\n\t\t\t\t\t<\/div>\n\t\t\t\t\t<!--End Single Gallery Item-->   \n\t\t\t\t\t\t\t\t\t\t<!--Start Single Gallery Item-->\n\t\t\t\t\t<div class=\"col-xl-4 col-lg-3 col-md-6\">\n\t\t\t\t\t\t<div class=\"single-gallery-item\">\n\t\t\t\t\t\t\t<div class=\"img-holder\">\n\t\t\t\t\t\t\t\t<img decoding=\"async\" src=\"https:\/\/doorhome.com.tr\/wp-content\/uploads\/2025\/12\/dr-505_5B2M.jpg\" alt=\"\">\n\t\t\t\t\t\t\t\t<div class=\"zoom-button\">\n\t\t\t\t\t\t\t\t\t<a class=\"lightbox-image\" data-fancybox=\"gallery\" href=\"https:\/\/doorhome.com.tr\/wp-content\/uploads\/2025\/12\/dr-505_5B2M.jpg\">\n\t\t\t\t\t\t\t\t\t\t<i class=\"fa fa-search-plus\" aria-hidden=\"true\"><\/i>\n\t\t\t\t\t\t\t\t\t<\/a>\n\t\t\t\t\t\t\t\t<\/div>\n\t\t\t\t\t\t\t<\/div>    \n\t\t\t\t\t\t<\/div>\n\t\t\t\t\t<\/div>\n\t\t\t\t\t<!--End Single Gallery Item-->   \n\t\t\t\t\t\t\t\t\t\t<!--Start Single Gallery Item-->\n\t\t\t\t\t<div class=\"col-xl-4 col-lg-3 col-md-6\">\n\t\t\t\t\t\t<div class=\"single-gallery-item\">\n\t\t\t\t\t\t\t<div class=\"img-holder\">\n\t\t\t\t\t\t\t\t<img decoding=\"async\" src=\"https:\/\/doorhome.com.tr\/wp-content\/uploads\/2025\/12\/dr-506_5P2B.jpg\" alt=\"\">\n\t\t\t\t\t\t\t\t<div class=\"zoom-button\">\n\t\t\t\t\t\t\t\t\t<a class=\"lightbox-image\" data-fancybox=\"gallery\" href=\"https:\/\/doorhome.com.tr\/wp-content\/uploads\/2025\/12\/dr-506_5P2B.jpg\">\n\t\t\t\t\t\t\t\t\t\t<i class=\"fa fa-search-plus\" aria-hidden=\"true\"><\/i>\n\t\t\t\t\t\t\t\t\t<\/a>\n\t\t\t\t\t\t\t\t<\/div>\n\t\t\t\t\t\t\t<\/div>    \n\t\t\t\t\t\t<\/div>\n\t\t\t\t\t<\/div>\n\t\t\t\t\t<!--End Single Gallery Item-->   \n\t\t\t\t\t\t\t\t\t\t<!--Start Single Gallery Item-->\n\t\t\t\t\t<div class=\"col-xl-4 col-lg-3 col-md-6\">\n\t\t\t\t\t\t<div class=\"single-gallery-item\">\n\t\t\t\t\t\t\t<div class=\"img-holder\">\n\t\t\t\t\t\t\t\t<img decoding=\"async\" src=\"https:\/\/doorhome.com.tr\/wp-content\/uploads\/2025\/12\/dr-507_5Y2J.jpg\" alt=\"\">\n\t\t\t\t\t\t\t\t<div class=\"zoom-button\">\n\t\t\t\t\t\t\t\t\t<a class=\"lightbox-image\" data-fancybox=\"gallery\" href=\"https:\/\/doorhome.com.tr\/wp-content\/uploads\/2025\/12\/dr-507_5Y2J.jpg\">\n\t\t\t\t\t\t\t\t\t\t<i class=\"fa fa-search-plus\" aria-hidden=\"true\"><\/i>\n\t\t\t\t\t\t\t\t\t<\/a>\n\t\t\t\t\t\t\t\t<\/div>\n\t\t\t\t\t\t\t<\/div>    \n\t\t\t\t\t\t<\/div>\n\t\t\t\t\t<\/div>\n\t\t\t\t\t<!--End Single Gallery Item-->   \n\t\t\t\t\t\t\t\t\t\t<!--Start Single Gallery Item-->\n\t\t\t\t\t<div class=\"col-xl-4 col-lg-3 col-md-6\">\n\t\t\t\t\t\t<div class=\"single-gallery-item\">\n\t\t\t\t\t\t\t<div class=\"img-holder\">\n\t\t\t\t\t\t\t\t<img decoding=\"async\" src=\"https:\/\/doorhome.com.tr\/wp-content\/uploads\/2025\/12\/dr-508_2Y9J.jpg\" alt=\"\">\n\t\t\t\t\t\t\t\t<div class=\"zoom-button\">\n\t\t\t\t\t\t\t\t\t<a class=\"lightbox-image\" data-fancybox=\"gallery\" href=\"https:\/\/doorhome.com.tr\/wp-content\/uploads\/2025\/12\/dr-508_2Y9J.jpg\">\n\t\t\t\t\t\t\t\t\t\t<i class=\"fa fa-search-plus\" aria-hidden=\"true\"><\/i>\n\t\t\t\t\t\t\t\t\t<\/a>\n\t\t\t\t\t\t\t\t<\/div>\n\t\t\t\t\t\t\t<\/div>    \n\t\t\t\t\t\t<\/div>\n\t\t\t\t\t<\/div>\n\t\t\t\t\t<!--End Single Gallery Item-->   \n\t\t\t\t\t\t\t\t\t\t<!--Start Single Gallery Item-->\n\t\t\t\t\t<div class=\"col-xl-4 col-lg-3 col-md-6\">\n\t\t\t\t\t\t<div class=\"single-gallery-item\">\n\t\t\t\t\t\t\t<div class=\"img-holder\">\n\t\t\t\t\t\t\t\t<img decoding=\"async\" src=\"https:\/\/doorhome.com.tr\/wp-content\/uploads\/2025\/12\/dr-509_0O7A.jpg\" alt=\"\">\n\t\t\t\t\t\t\t\t<div class=\"zoom-button\">\n\t\t\t\t\t\t\t\t\t<a class=\"lightbox-image\" data-fancybox=\"gallery\" href=\"https:\/\/doorhome.com.tr\/wp-content\/uploads\/2025\/12\/dr-509_0O7A.jpg\">\n\t\t\t\t\t\t\t\t\t\t<i class=\"fa fa-search-plus\" aria-hidden=\"true\"><\/i>\n\t\t\t\t\t\t\t\t\t<\/a>\n\t\t\t\t\t\t\t\t<\/div>\n\t\t\t\t\t\t\t<\/div>    \n\t\t\t\t\t\t<\/div>\n\t\t\t\t\t<\/div>\n\t\t\t\t\t<!--End Single Gallery Item-->   \n\t\t\t\t\t\t\t\t\t\t<!--Start Single Gallery Item-->\n\t\t\t\t\t<div class=\"col-xl-4 col-lg-3 col-md-6\">\n\t\t\t\t\t\t<div class=\"single-gallery-item\">\n\t\t\t\t\t\t\t<div class=\"img-holder\">\n\t\t\t\t\t\t\t\t<img decoding=\"async\" src=\"https:\/\/doorhome.com.tr\/wp-content\/uploads\/2025\/12\/dr-510_4G1R.jpg\" alt=\"\">\n\t\t\t\t\t\t\t\t<div class=\"zoom-button\">\n\t\t\t\t\t\t\t\t\t<a class=\"lightbox-image\" data-fancybox=\"gallery\" href=\"https:\/\/doorhome.com.tr\/wp-content\/uploads\/2025\/12\/dr-510_4G1R.jpg\">\n\t\t\t\t\t\t\t\t\t\t<i class=\"fa fa-search-plus\" aria-hidden=\"true\"><\/i>\n\t\t\t\t\t\t\t\t\t<\/a>\n\t\t\t\t\t\t\t\t<\/div>\n\t\t\t\t\t\t\t<\/div>    \n\t\t\t\t\t\t<\/div>\n\t\t\t\t\t<\/div>\n\t\t\t\t\t<!--End Single Gallery Item-->   \n\t\t\t\t\t\t\t\t\t\t<!--Start Single Gallery Item-->\n\t\t\t\t\t<div class=\"col-xl-4 col-lg-3 col-md-6\">\n\t\t\t\t\t\t<div class=\"single-gallery-item\">\n\t\t\t\t\t\t\t<div class=\"img-holder\">\n\t\t\t\t\t\t\t\t<img decoding=\"async\" src=\"https:\/\/doorhome.com.tr\/wp-content\/uploads\/2025\/12\/dr-511_4C1N.jpg\" alt=\"\">\n\t\t\t\t\t\t\t\t<div class=\"zoom-button\">\n\t\t\t\t\t\t\t\t\t<a class=\"lightbox-image\" data-fancybox=\"gallery\" href=\"https:\/\/doorhome.com.tr\/wp-content\/uploads\/2025\/12\/dr-511_4C1N.jpg\">\n\t\t\t\t\t\t\t\t\t\t<i class=\"fa fa-search-plus\" aria-hidden=\"true\"><\/i>\n\t\t\t\t\t\t\t\t\t<\/a>\n\t\t\t\t\t\t\t\t<\/div>\n\t\t\t\t\t\t\t<\/div>    \n\t\t\t\t\t\t<\/div>\n\t\t\t\t\t<\/div>\n\t\t\t\t\t<!--End Single Gallery Item-->   \n\t\t\t\t\t\t\t\t\t\t<!--Start Single Gallery Item-->\n\t\t\t\t\t<div class=\"col-xl-4 col-lg-3 col-md-6\">\n\t\t\t\t\t\t<div class=\"single-gallery-item\">\n\t\t\t\t\t\t\t<div class=\"img-holder\">\n\t\t\t\t\t\t\t\t<img decoding=\"async\" src=\"https:\/\/doorhome.com.tr\/wp-content\/uploads\/2025\/12\/dr-512_8E5P.jpg\" alt=\"\">\n\t\t\t\t\t\t\t\t<div class=\"zoom-button\">\n\t\t\t\t\t\t\t\t\t<a class=\"lightbox-image\" data-fancybox=\"gallery\" href=\"https:\/\/doorhome.com.tr\/wp-content\/uploads\/2025\/12\/dr-512_8E5P.jpg\">\n\t\t\t\t\t\t\t\t\t\t<i class=\"fa fa-search-plus\" aria-hidden=\"true\"><\/i>\n\t\t\t\t\t\t\t\t\t<\/a>\n\t\t\t\t\t\t\t\t<\/div>\n\t\t\t\t\t\t\t<\/div>    \n\t\t\t\t\t\t<\/div>\n\t\t\t\t\t<\/div>\n\t\t\t\t\t<!--End Single Gallery Item-->   \n\t\t\t\t\t\t\t\t\t\t<!--Start Single Gallery Item-->\n\t\t\t\t\t<div class=\"col-xl-4 col-lg-3 col-md-6\">\n\t\t\t\t\t\t<div class=\"single-gallery-item\">\n\t\t\t\t\t\t\t<div class=\"img-holder\">\n\t\t\t\t\t\t\t\t<img decoding=\"async\" src=\"https:\/\/doorhome.com.tr\/wp-content\/uploads\/2025\/12\/dr-513_3Q0B.jpg\" alt=\"\">\n\t\t\t\t\t\t\t\t<div class=\"zoom-button\">\n\t\t\t\t\t\t\t\t\t<a class=\"lightbox-image\" data-fancybox=\"gallery\" href=\"https:\/\/doorhome.com.tr\/wp-content\/uploads\/2025\/12\/dr-513_3Q0B.jpg\">\n\t\t\t\t\t\t\t\t\t\t<i class=\"fa fa-search-plus\" aria-hidden=\"true\"><\/i>\n\t\t\t\t\t\t\t\t\t<\/a>\n\t\t\t\t\t\t\t\t<\/div>\n\t\t\t\t\t\t\t<\/div>    \n\t\t\t\t\t\t<\/div>\n\t\t\t\t\t<\/div>\n\t\t\t\t\t<!--End Single Gallery Item-->   \n\t\t\t\t\t\t\t\t\t\t<!--Start Single Gallery Item-->\n\t\t\t\t\t<div class=\"col-xl-4 col-lg-3 col-md-6\">\n\t\t\t\t\t\t<div class=\"single-gallery-item\">\n\t\t\t\t\t\t\t<div class=\"img-holder\">\n\t\t\t\t\t\t\t\t<img decoding=\"async\" src=\"https:\/\/doorhome.com.tr\/wp-content\/uploads\/2025\/12\/dr-514_0K7V.jpg\" alt=\"\">\n\t\t\t\t\t\t\t\t<div class=\"zoom-button\">\n\t\t\t\t\t\t\t\t\t<a class=\"lightbox-image\" data-fancybox=\"gallery\" href=\"https:\/\/doorhome.com.tr\/wp-content\/uploads\/2025\/12\/dr-514_0K7V.jpg\">\n\t\t\t\t\t\t\t\t\t\t<i class=\"fa fa-search-plus\" aria-hidden=\"true\"><\/i>\n\t\t\t\t\t\t\t\t\t<\/a>\n\t\t\t\t\t\t\t\t<\/div>\n\t\t\t\t\t\t\t<\/div>    \n\t\t\t\t\t\t<\/div>\n\t\t\t\t\t<\/div>\n\t\t\t\t\t<!--End Single Gallery Item-->   \n\t\t\t\t\t\t\t\t\t\t<!--Start Single Gallery Item-->\n\t\t\t\t\t<div class=\"col-xl-4 col-lg-3 col-md-6\">\n\t\t\t\t\t\t<div class=\"single-gallery-item\">\n\t\t\t\t\t\t\t<div class=\"img-holder\">\n\t\t\t\t\t\t\t\t<img decoding=\"async\" src=\"https:\/\/doorhome.com.tr\/wp-content\/uploads\/2025\/12\/dr-515_8S5D.jpg\" alt=\"\">\n\t\t\t\t\t\t\t\t<div class=\"zoom-button\">\n\t\t\t\t\t\t\t\t\t<a class=\"lightbox-image\" data-fancybox=\"gallery\" href=\"https:\/\/doorhome.com.tr\/wp-content\/uploads\/2025\/12\/dr-515_8S5D.jpg\">\n\t\t\t\t\t\t\t\t\t\t<i class=\"fa fa-search-plus\" aria-hidden=\"true\"><\/i>\n\t\t\t\t\t\t\t\t\t<\/a>\n\t\t\t\t\t\t\t\t<\/div>\n\t\t\t\t\t\t\t<\/div>    \n\t\t\t\t\t\t<\/div>\n\t\t\t\t\t<\/div>\n\t\t\t\t\t<!--End Single Gallery Item-->   \n\t\t\t\t\t\t\t\t\t\t<!--Start Single Gallery Item-->\n\t\t\t\t\t<div class=\"col-xl-4 col-lg-3 col-md-6\">\n\t\t\t\t\t\t<div class=\"single-gallery-item\">\n\t\t\t\t\t\t\t<div class=\"img-holder\">\n\t\t\t\t\t\t\t\t<img decoding=\"async\" src=\"https:\/\/doorhome.com.tr\/wp-content\/uploads\/2025\/12\/dr-516_4Z1K.jpg\" alt=\"\">\n\t\t\t\t\t\t\t\t<div class=\"zoom-button\">\n\t\t\t\t\t\t\t\t\t<a class=\"lightbox-image\" data-fancybox=\"gallery\" href=\"https:\/\/doorhome.com.tr\/wp-content\/uploads\/2025\/12\/dr-516_4Z1K.jpg\">\n\t\t\t\t\t\t\t\t\t\t<i class=\"fa fa-search-plus\" aria-hidden=\"true\"><\/i>\n\t\t\t\t\t\t\t\t\t<\/a>\n\t\t\t\t\t\t\t\t<\/div>\n\t\t\t\t\t\t\t<\/div>    \n\t\t\t\t\t\t<\/div>\n\t\t\t\t\t<\/div>\n\t\t\t\t\t<!--End Single Gallery Item-->   \n\t\t\t\t\t\t\t\t\t\t<!--Start Single Gallery Item-->\n\t\t\t\t\t<div class=\"col-xl-4 col-lg-3 col-md-6\">\n\t\t\t\t\t\t<div class=\"single-gallery-item\">\n\t\t\t\t\t\t\t<div class=\"img-holder\">\n\t\t\t\t\t\t\t\t<img decoding=\"async\" src=\"https:\/\/doorhome.com.tr\/wp-content\/uploads\/2025\/12\/dr-517_3P0B.jpg\" alt=\"\">\n\t\t\t\t\t\t\t\t<div class=\"zoom-button\">\n\t\t\t\t\t\t\t\t\t<a class=\"lightbox-image\" data-fancybox=\"gallery\" href=\"https:\/\/doorhome.com.tr\/wp-content\/uploads\/2025\/12\/dr-517_3P0B.jpg\">\n\t\t\t\t\t\t\t\t\t\t<i class=\"fa fa-search-plus\" aria-hidden=\"true\"><\/i>\n\t\t\t\t\t\t\t\t\t<\/a>\n\t\t\t\t\t\t\t\t<\/div>\n\t\t\t\t\t\t\t<\/div>    \n\t\t\t\t\t\t<\/div>\n\t\t\t\t\t<\/div>\n\t\t\t\t\t<!--End Single Gallery Item-->   \n\t\t\t\t\t\t\t\t\t\t<!--Start Single Gallery Item-->\n\t\t\t\t\t<div class=\"col-xl-4 col-lg-3 col-md-6\">\n\t\t\t\t\t\t<div class=\"single-gallery-item\">\n\t\t\t\t\t\t\t<div class=\"img-holder\">\n\t\t\t\t\t\t\t\t<img decoding=\"async\" src=\"https:\/\/doorhome.com.tr\/wp-content\/uploads\/2025\/12\/dr-518_3X0I.jpg\" alt=\"\">\n\t\t\t\t\t\t\t\t<div class=\"zoom-button\">\n\t\t\t\t\t\t\t\t\t<a class=\"lightbox-image\" data-fancybox=\"gallery\" href=\"https:\/\/doorhome.com.tr\/wp-content\/uploads\/2025\/12\/dr-518_3X0I.jpg\">\n\t\t\t\t\t\t\t\t\t\t<i class=\"fa fa-search-plus\" aria-hidden=\"true\"><\/i>\n\t\t\t\t\t\t\t\t\t<\/a>\n\t\t\t\t\t\t\t\t<\/div>\n\t\t\t\t\t\t\t<\/div>    \n\t\t\t\t\t\t<\/div>\n\t\t\t\t\t<\/div>\n\t\t\t\t\t<!--End Single Gallery Item-->   \n\t\t\t\t\t\t\t\t\t\t<!--Start Single Gallery Item-->\n\t\t\t\t\t<div class=\"col-xl-4 col-lg-3 col-md-6\">\n\t\t\t\t\t\t<div class=\"single-gallery-item\">\n\t\t\t\t\t\t\t<div class=\"img-holder\">\n\t\t\t\t\t\t\t\t<img decoding=\"async\" src=\"https:\/\/doorhome.com.tr\/wp-content\/uploads\/2025\/12\/dr-519_7V4H.jpg\" alt=\"\">\n\t\t\t\t\t\t\t\t<div class=\"zoom-button\">\n\t\t\t\t\t\t\t\t\t<a class=\"lightbox-image\" data-fancybox=\"gallery\" href=\"https:\/\/doorhome.com.tr\/wp-content\/uploads\/2025\/12\/dr-519_7V4H.jpg\">\n\t\t\t\t\t\t\t\t\t\t<i class=\"fa fa-search-plus\" aria-hidden=\"true\"><\/i>\n\t\t\t\t\t\t\t\t\t<\/a>\n\t\t\t\t\t\t\t\t<\/div>\n\t\t\t\t\t\t\t<\/div>    \n\t\t\t\t\t\t<\/div>\n\t\t\t\t\t<\/div>\n\t\t\t\t\t<!--End Single Gallery Item-->   \n\t\t\t\t\t\t\t\t\t\t<!--Start Single Gallery Item-->\n\t\t\t\t\t<div class=\"col-xl-4 col-lg-3 col-md-6\">\n\t\t\t\t\t\t<div class=\"single-gallery-item\">\n\t\t\t\t\t\t\t<div class=\"img-holder\">\n\t\t\t\t\t\t\t\t<img decoding=\"async\" src=\"https:\/\/doorhome.com.tr\/wp-content\/uploads\/2025\/12\/dr-520_4N1Z.jpg\" alt=\"\">\n\t\t\t\t\t\t\t\t<div class=\"zoom-button\">\n\t\t\t\t\t\t\t\t\t<a class=\"lightbox-image\" data-fancybox=\"gallery\" href=\"https:\/\/doorhome.com.tr\/wp-content\/uploads\/2025\/12\/dr-520_4N1Z.jpg\">\n\t\t\t\t\t\t\t\t\t\t<i class=\"fa fa-search-plus\" aria-hidden=\"true\"><\/i>\n\t\t\t\t\t\t\t\t\t<\/a>\n\t\t\t\t\t\t\t\t<\/div>\n\t\t\t\t\t\t\t<\/div>    \n\t\t\t\t\t\t<\/div>\n\t\t\t\t\t<\/div>\n\t\t\t\t\t<!--End Single Gallery Item-->   \n\t\t\t\t\t\t\t\t\t\t<!--Start Single Gallery Item-->\n\t\t\t\t\t<div class=\"col-xl-4 col-lg-3 col-md-6\">\n\t\t\t\t\t\t<div class=\"single-gallery-item\">\n\t\t\t\t\t\t\t<div class=\"img-holder\">\n\t\t\t\t\t\t\t\t<img decoding=\"async\" src=\"https:\/\/doorhome.com.tr\/wp-content\/uploads\/2025\/12\/dr-521_5N2Y.jpg\" alt=\"\">\n\t\t\t\t\t\t\t\t<div class=\"zoom-button\">\n\t\t\t\t\t\t\t\t\t<a class=\"lightbox-image\" data-fancybox=\"gallery\" href=\"https:\/\/doorhome.com.tr\/wp-content\/uploads\/2025\/12\/dr-521_5N2Y.jpg\">\n\t\t\t\t\t\t\t\t\t\t<i class=\"fa fa-search-plus\" aria-hidden=\"true\"><\/i>\n\t\t\t\t\t\t\t\t\t<\/a>\n\t\t\t\t\t\t\t\t<\/div>\n\t\t\t\t\t\t\t<\/div>    \n\t\t\t\t\t\t<\/div>\n\t\t\t\t\t<\/div>\n\t\t\t\t\t<!--End Single Gallery Item-->   \n\t\t\t\t\t\t\t\t\t\t<!--Start Single Gallery Item-->\n\t\t\t\t\t<div class=\"col-xl-4 col-lg-3 col-md-6\">\n\t\t\t\t\t\t<div class=\"single-gallery-item\">\n\t\t\t\t\t\t\t<div class=\"img-holder\">\n\t\t\t\t\t\t\t\t<img decoding=\"async\" src=\"https:\/\/doorhome.com.tr\/wp-content\/uploads\/2025\/12\/dr-522_5Z2K.jpg\" alt=\"\">\n\t\t\t\t\t\t\t\t<div class=\"zoom-button\">\n\t\t\t\t\t\t\t\t\t<a class=\"lightbox-image\" data-fancybox=\"gallery\" href=\"https:\/\/doorhome.com.tr\/wp-content\/uploads\/2025\/12\/dr-522_5Z2K.jpg\">\n\t\t\t\t\t\t\t\t\t\t<i class=\"fa fa-search-plus\" aria-hidden=\"true\"><\/i>\n\t\t\t\t\t\t\t\t\t<\/a>\n\t\t\t\t\t\t\t\t<\/div>\n\t\t\t\t\t\t\t<\/div>    \n\t\t\t\t\t\t<\/div>\n\t\t\t\t\t<\/div>\n\t\t\t\t\t<!--End Single Gallery Item-->   \n\t\t\t\t\t\t\t\t\t\t<!--Start Single Gallery Item-->\n\t\t\t\t\t<div class=\"col-xl-4 col-lg-3 col-md-6\">\n\t\t\t\t\t\t<div class=\"single-gallery-item\">\n\t\t\t\t\t\t\t<div class=\"img-holder\">\n\t\t\t\t\t\t\t\t<img decoding=\"async\" src=\"https:\/\/doorhome.com.tr\/wp-content\/uploads\/2025\/12\/dr-523_1A8M.jpg\" alt=\"\">\n\t\t\t\t\t\t\t\t<div class=\"zoom-button\">\n\t\t\t\t\t\t\t\t\t<a class=\"lightbox-image\" data-fancybox=\"gallery\" href=\"https:\/\/doorhome.com.tr\/wp-content\/uploads\/2025\/12\/dr-523_1A8M.jpg\">\n\t\t\t\t\t\t\t\t\t\t<i class=\"fa fa-search-plus\" aria-hidden=\"true\"><\/i>\n\t\t\t\t\t\t\t\t\t<\/a>\n\t\t\t\t\t\t\t\t<\/div>\n\t\t\t\t\t\t\t<\/div>    \n\t\t\t\t\t\t<\/div>\n\t\t\t\t\t<\/div>\n\t\t\t\t\t<!--End Single Gallery Item-->   \n\t\t\t\t\t\t\t\t\t\t<!--Start Single Gallery Item-->\n\t\t\t\t\t<div class=\"col-xl-4 col-lg-3 col-md-6\">\n\t\t\t\t\t\t<div class=\"single-gallery-item\">\n\t\t\t\t\t\t\t<div class=\"img-holder\">\n\t\t\t\t\t\t\t\t<img decoding=\"async\" src=\"https:\/\/doorhome.com.tr\/wp-content\/uploads\/2025\/12\/dr-524_2Q9C.jpg\" alt=\"\">\n\t\t\t\t\t\t\t\t<div class=\"zoom-button\">\n\t\t\t\t\t\t\t\t\t<a class=\"lightbox-image\" data-fancybox=\"gallery\" href=\"https:\/\/doorhome.com.tr\/wp-content\/uploads\/2025\/12\/dr-524_2Q9C.jpg\">\n\t\t\t\t\t\t\t\t\t\t<i class=\"fa fa-search-plus\" aria-hidden=\"true\"><\/i>\n\t\t\t\t\t\t\t\t\t<\/a>\n\t\t\t\t\t\t\t\t<\/div>\n\t\t\t\t\t\t\t<\/div>    \n\t\t\t\t\t\t<\/div>\n\t\t\t\t\t<\/div>\n\t\t\t\t\t<!--End Single Gallery Item-->   \n\t\t\t\t\t\t\t\t\t\t<!--Start Single Gallery Item-->\n\t\t\t\t\t<div class=\"col-xl-4 col-lg-3 col-md-6\">\n\t\t\t\t\t\t<div class=\"single-gallery-item\">\n\t\t\t\t\t\t\t<div class=\"img-holder\">\n\t\t\t\t\t\t\t\t<img decoding=\"async\" src=\"https:\/\/doorhome.com.tr\/wp-content\/uploads\/2025\/12\/dr-525_1A8L.jpg\" alt=\"\">\n\t\t\t\t\t\t\t\t<div class=\"zoom-button\">\n\t\t\t\t\t\t\t\t\t<a class=\"lightbox-image\" data-fancybox=\"gallery\" href=\"https:\/\/doorhome.com.tr\/wp-content\/uploads\/2025\/12\/dr-525_1A8L.jpg\">\n\t\t\t\t\t\t\t\t\t\t<i class=\"fa fa-search-plus\" aria-hidden=\"true\"><\/i>\n\t\t\t\t\t\t\t\t\t<\/a>\n\t\t\t\t\t\t\t\t<\/div>\n\t\t\t\t\t\t\t<\/div>    \n\t\t\t\t\t\t<\/div>\n\t\t\t\t\t<\/div>\n\t\t\t\t\t<!--End Single Gallery Item-->   \n\t\t\t\t\t\t\t\t\t<\/div>\n\t\t\t<\/div>\n\t\t<\/section>\n\t\t<!--End Gallery Area-->\n             \n\t\t\t\t\t\t<\/div>\n\t\t\t\t<\/div>\n\t\t\t\t<\/div>\n\t\t\t\t<\/div>\n\t\t","protected":false},"excerpt":{"rendered":"<p>Zamans\u0131z Tasar\u0131m, \u00dcst\u00fcn Dayan\u0131m LAM\u0130NOKS SER\u0130 KAPILAR<\/p>\n","protected":false},"author":1,"featured_media":0,"parent":0,"menu_order":0,"comment_status":"closed","ping_status":"closed","template":"tpl-default-elementor.php","meta":{"footnotes":""},"class_list":["post-1746","page","type-page","status-publish","hentry"],"jetpack_sharing_enabled":true,"_links":{"self":[{"href":"https:\/\/doorhome.com.tr\/index.php?rest_route=\/wp\/v2\/pages\/1746","targetHints":{"allow":["GET"]}}],"collection":[{"href":"https:\/\/doorhome.com.tr\/index.php?rest_route=\/wp\/v2\/pages"}],"about":[{"href":"https:\/\/doorhome.com.tr\/index.php?rest_route=\/wp\/v2\/types\/page"}],"author":[{"embeddable":true,"href":"https:\/\/doorhome.com.tr\/index.php?rest_route=\/wp\/v2\/users\/1"}],"replies":[{"embeddable":true,"href":"https:\/\/doorhome.com.tr\/index.php?rest_route=%2Fwp%2Fv2%2Fcomments&post=1746"}],"version-history":[{"count":5,"href":"https:\/\/doorhome.com.tr\/index.php?rest_route=\/wp\/v2\/pages\/1746\/revisions"}],"predecessor-version":[{"id":3071,"href":"https:\/\/doorhome.com.tr\/index.php?rest_route=\/wp\/v2\/pages\/1746\/revisions\/3071"}],"wp:attachment":[{"href":"https:\/\/doorhome.com.tr\/index.php?rest_route=%2Fwp%2Fv2%2Fmedia&parent=1746"}],"curies":[{"name":"wp","href":"https:\/\/api.w.org\/{rel}","templated":true}]}}