{"id":1906,"date":"2021-01-21T16:28:47","date_gmt":"2021-01-21T16:28:47","guid":{"rendered":"http:\/\/old4.commonsupport.com\/apartio\/?page_id=1906"},"modified":"2025-12-15T10:16:25","modified_gmt":"2025-12-15T10:16:25","slug":"gallery-style-06","status":"publish","type":"page","link":"https:\/\/doorhome.com.tr\/?page_id=1906","title":{"rendered":"P\u0130VOT S\u0130STEM SER\u0130 KAPILAR"},"content":{"rendered":"\t\t<div data-elementor-type=\"wp-page\" data-elementor-id=\"1906\" class=\"elementor elementor-1906\" data-elementor-post-type=\"page\">\n\t\t\t\t\t\t<section class=\"elementor-section elementor-top-section elementor-element elementor-element-df7b001 elementor-section-full_width elementor-section-height-default elementor-section-height-default\" data-id=\"df7b001\" data-element_type=\"section\">\n\t\t\t\t\t\t<div class=\"elementor-container elementor-column-gap-no\">\n\t\t\t\t\t<div class=\"elementor-column elementor-col-100 elementor-top-column elementor-element elementor-element-a0059ba\" data-id=\"a0059ba\" data-element_type=\"column\">\n\t\t\t<div class=\"elementor-widget-wrap elementor-element-populated\">\n\t\t\t\t\t\t<div class=\"elementor-element elementor-element-7d7f8e5 elementor-widget elementor-widget-apartio_gallery\" data-id=\"7d7f8e5\" data-element_type=\"widget\" data-widget_type=\"apartio_gallery.default\">\n\t\t\t\t<div class=\"elementor-widget-container\">\n\t\t\t\t\t        \n\t\t<!--Start Gallery Area-->\n\t\t<section class=\" gallery-area\">\n\t\t\t<div class=\"container-box\">\n\t\t\t\t\t\t\t\t<div class=\"row\">\n\t\t\t\t\t\t\t\t\t\t<!--Start Single Gallery Item-->\n\t\t\t\t\t<div class=\"col-xl-6 col-lg-3 col-md-6\">\n\t\t\t\t\t\t<div class=\"single-gallery-item\">\n\t\t\t\t\t\t\t<div class=\"img-holder\">\n\t\t\t\t\t\t\t\t<img decoding=\"async\" src=\"https:\/\/doorhome.com.tr\/wp-content\/uploads\/2025\/12\/PVT-2301_6S3E.jpg\" alt=\"\">\n\t\t\t\t\t\t\t\t<div class=\"zoom-button\">\n\t\t\t\t\t\t\t\t\t<a class=\"lightbox-image\" data-fancybox=\"gallery\" href=\"https:\/\/doorhome.com.tr\/wp-content\/uploads\/2025\/12\/PVT-2301_6S3E.jpg\">\n\t\t\t\t\t\t\t\t\t\t<i class=\"fa fa-search-plus\" aria-hidden=\"true\"><\/i>\n\t\t\t\t\t\t\t\t\t<\/a>\n\t\t\t\t\t\t\t\t<\/div>\n\t\t\t\t\t\t\t<\/div>    \n\t\t\t\t\t\t<\/div>\n\t\t\t\t\t<\/div>\n\t\t\t\t\t<!--End Single Gallery Item-->   \n\t\t\t\t\t\t\t\t\t\t<!--Start Single Gallery Item-->\n\t\t\t\t\t<div class=\"col-xl-6 col-lg-3 col-md-6\">\n\t\t\t\t\t\t<div class=\"single-gallery-item\">\n\t\t\t\t\t\t\t<div class=\"img-holder\">\n\t\t\t\t\t\t\t\t<img decoding=\"async\" src=\"https:\/\/doorhome.com.tr\/wp-content\/uploads\/2025\/12\/PVT-2302_0M7Y.jpg\" alt=\"\">\n\t\t\t\t\t\t\t\t<div class=\"zoom-button\">\n\t\t\t\t\t\t\t\t\t<a class=\"lightbox-image\" data-fancybox=\"gallery\" href=\"https:\/\/doorhome.com.tr\/wp-content\/uploads\/2025\/12\/PVT-2302_0M7Y.jpg\">\n\t\t\t\t\t\t\t\t\t\t<i class=\"fa fa-search-plus\" aria-hidden=\"true\"><\/i>\n\t\t\t\t\t\t\t\t\t<\/a>\n\t\t\t\t\t\t\t\t<\/div>\n\t\t\t\t\t\t\t<\/div>    \n\t\t\t\t\t\t<\/div>\n\t\t\t\t\t<\/div>\n\t\t\t\t\t<!--End Single Gallery Item-->   \n\t\t\t\t\t\t\t\t\t\t<!--Start Single Gallery Item-->\n\t\t\t\t\t<div class=\"col-xl-6 col-lg-3 col-md-6\">\n\t\t\t\t\t\t<div class=\"single-gallery-item\">\n\t\t\t\t\t\t\t<div class=\"img-holder\">\n\t\t\t\t\t\t\t\t<img decoding=\"async\" src=\"https:\/\/doorhome.com.tr\/wp-content\/uploads\/2025\/12\/PVT-2303_4G1S.jpg\" alt=\"\">\n\t\t\t\t\t\t\t\t<div class=\"zoom-button\">\n\t\t\t\t\t\t\t\t\t<a class=\"lightbox-image\" data-fancybox=\"gallery\" href=\"https:\/\/doorhome.com.tr\/wp-content\/uploads\/2025\/12\/PVT-2303_4G1S.jpg\">\n\t\t\t\t\t\t\t\t\t\t<i class=\"fa fa-search-plus\" aria-hidden=\"true\"><\/i>\n\t\t\t\t\t\t\t\t\t<\/a>\n\t\t\t\t\t\t\t\t<\/div>\n\t\t\t\t\t\t\t<\/div>    \n\t\t\t\t\t\t<\/div>\n\t\t\t\t\t<\/div>\n\t\t\t\t\t<!--End Single Gallery Item-->   \n\t\t\t\t\t\t\t\t\t\t<!--Start Single Gallery Item-->\n\t\t\t\t\t<div class=\"col-xl-6 col-lg-3 col-md-6\">\n\t\t\t\t\t\t<div class=\"single-gallery-item\">\n\t\t\t\t\t\t\t<div class=\"img-holder\">\n\t\t\t\t\t\t\t\t<img decoding=\"async\" src=\"https:\/\/doorhome.com.tr\/wp-content\/uploads\/2025\/12\/PVT-2304_1T8F.jpg\" alt=\"\">\n\t\t\t\t\t\t\t\t<div class=\"zoom-button\">\n\t\t\t\t\t\t\t\t\t<a class=\"lightbox-image\" data-fancybox=\"gallery\" href=\"https:\/\/doorhome.com.tr\/wp-content\/uploads\/2025\/12\/PVT-2304_1T8F.jpg\">\n\t\t\t\t\t\t\t\t\t\t<i class=\"fa fa-search-plus\" aria-hidden=\"true\"><\/i>\n\t\t\t\t\t\t\t\t\t<\/a>\n\t\t\t\t\t\t\t\t<\/div>\n\t\t\t\t\t\t\t<\/div>    \n\t\t\t\t\t\t<\/div>\n\t\t\t\t\t<\/div>\n\t\t\t\t\t<!--End Single Gallery Item-->   \n\t\t\t\t\t\t\t\t\t\t<!--Start Single Gallery Item-->\n\t\t\t\t\t<div class=\"col-xl-6 col-lg-3 col-md-6\">\n\t\t\t\t\t\t<div class=\"single-gallery-item\">\n\t\t\t\t\t\t\t<div class=\"img-holder\">\n\t\t\t\t\t\t\t\t<img decoding=\"async\" src=\"https:\/\/doorhome.com.tr\/wp-content\/uploads\/2025\/12\/PVT-2305_1D8P.jpg\" alt=\"\">\n\t\t\t\t\t\t\t\t<div class=\"zoom-button\">\n\t\t\t\t\t\t\t\t\t<a class=\"lightbox-image\" data-fancybox=\"gallery\" href=\"https:\/\/doorhome.com.tr\/wp-content\/uploads\/2025\/12\/PVT-2305_1D8P.jpg\">\n\t\t\t\t\t\t\t\t\t\t<i class=\"fa fa-search-plus\" aria-hidden=\"true\"><\/i>\n\t\t\t\t\t\t\t\t\t<\/a>\n\t\t\t\t\t\t\t\t<\/div>\n\t\t\t\t\t\t\t<\/div>    \n\t\t\t\t\t\t<\/div>\n\t\t\t\t\t<\/div>\n\t\t\t\t\t<!--End Single Gallery Item-->   \n\t\t\t\t\t\t\t\t\t\t<!--Start Single Gallery Item-->\n\t\t\t\t\t<div class=\"col-xl-6 col-lg-3 col-md-6\">\n\t\t\t\t\t\t<div class=\"single-gallery-item\">\n\t\t\t\t\t\t\t<div class=\"img-holder\">\n\t\t\t\t\t\t\t\t<img decoding=\"async\" src=\"https:\/\/doorhome.com.tr\/wp-content\/uploads\/2025\/12\/PVT-2306_3Y0J.jpg\" alt=\"\">\n\t\t\t\t\t\t\t\t<div class=\"zoom-button\">\n\t\t\t\t\t\t\t\t\t<a class=\"lightbox-image\" data-fancybox=\"gallery\" href=\"https:\/\/doorhome.com.tr\/wp-content\/uploads\/2025\/12\/PVT-2306_3Y0J.jpg\">\n\t\t\t\t\t\t\t\t\t\t<i class=\"fa fa-search-plus\" aria-hidden=\"true\"><\/i>\n\t\t\t\t\t\t\t\t\t<\/a>\n\t\t\t\t\t\t\t\t<\/div>\n\t\t\t\t\t\t\t<\/div>    \n\t\t\t\t\t\t<\/div>\n\t\t\t\t\t<\/div>\n\t\t\t\t\t<!--End Single Gallery Item-->   \n\t\t\t\t\t\t\t\t\t\t<!--Start Single Gallery Item-->\n\t\t\t\t\t<div class=\"col-xl-6 col-lg-3 col-md-6\">\n\t\t\t\t\t\t<div class=\"single-gallery-item\">\n\t\t\t\t\t\t\t<div class=\"img-holder\">\n\t\t\t\t\t\t\t\t<img decoding=\"async\" src=\"https:\/\/doorhome.com.tr\/wp-content\/uploads\/2025\/12\/PVT-2307_2A9L.jpg\" alt=\"\">\n\t\t\t\t\t\t\t\t<div class=\"zoom-button\">\n\t\t\t\t\t\t\t\t\t<a class=\"lightbox-image\" data-fancybox=\"gallery\" href=\"https:\/\/doorhome.com.tr\/wp-content\/uploads\/2025\/12\/PVT-2307_2A9L.jpg\">\n\t\t\t\t\t\t\t\t\t\t<i class=\"fa fa-search-plus\" aria-hidden=\"true\"><\/i>\n\t\t\t\t\t\t\t\t\t<\/a>\n\t\t\t\t\t\t\t\t<\/div>\n\t\t\t\t\t\t\t<\/div>    \n\t\t\t\t\t\t<\/div>\n\t\t\t\t\t<\/div>\n\t\t\t\t\t<!--End Single Gallery Item-->   \n\t\t\t\t\t\t\t\t\t\t<!--Start Single Gallery Item-->\n\t\t\t\t\t<div class=\"col-xl-6 col-lg-3 col-md-6\">\n\t\t\t\t\t\t<div class=\"single-gallery-item\">\n\t\t\t\t\t\t\t<div class=\"img-holder\">\n\t\t\t\t\t\t\t\t<img decoding=\"async\" src=\"https:\/\/doorhome.com.tr\/wp-content\/uploads\/2025\/12\/PVT-2308_5Z2L.jpg\" alt=\"\">\n\t\t\t\t\t\t\t\t<div class=\"zoom-button\">\n\t\t\t\t\t\t\t\t\t<a class=\"lightbox-image\" data-fancybox=\"gallery\" href=\"https:\/\/doorhome.com.tr\/wp-content\/uploads\/2025\/12\/PVT-2308_5Z2L.jpg\">\n\t\t\t\t\t\t\t\t\t\t<i class=\"fa fa-search-plus\" aria-hidden=\"true\"><\/i>\n\t\t\t\t\t\t\t\t\t<\/a>\n\t\t\t\t\t\t\t\t<\/div>\n\t\t\t\t\t\t\t<\/div>    \n\t\t\t\t\t\t<\/div>\n\t\t\t\t\t<\/div>\n\t\t\t\t\t<!--End Single Gallery Item-->   \n\t\t\t\t\t\t\t\t\t<\/div>\n\t\t\t<\/div>\n\t\t<\/section>\n\t\t<!--End Gallery Area-->\n             \n\t\t\t\t\t\t<\/div>\n\t\t\t\t<\/div>\n\t\t\t\t\t<\/div>\n\t\t<\/div>\n\t\t\t\t\t<\/div>\n\t\t<\/section>\n\t\t\t\t<\/div>\n\t\t","protected":false},"excerpt":{"rendered":"","protected":false},"author":1,"featured_media":0,"parent":0,"menu_order":0,"comment_status":"closed","ping_status":"closed","template":"tpl-default-elementor.php","meta":{"footnotes":""},"class_list":["post-1906","page","type-page","status-publish","hentry"],"jetpack_sharing_enabled":true,"_links":{"self":[{"href":"https:\/\/doorhome.com.tr\/index.php?rest_route=\/wp\/v2\/pages\/1906","targetHints":{"allow":["GET"]}}],"collection":[{"href":"https:\/\/doorhome.com.tr\/index.php?rest_route=\/wp\/v2\/pages"}],"about":[{"href":"https:\/\/doorhome.com.tr\/index.php?rest_route=\/wp\/v2\/types\/page"}],"author":[{"embeddable":true,"href":"https:\/\/doorhome.com.tr\/index.php?rest_route=\/wp\/v2\/users\/1"}],"replies":[{"embeddable":true,"href":"https:\/\/doorhome.com.tr\/index.php?rest_route=%2Fwp%2Fv2%2Fcomments&post=1906"}],"version-history":[{"count":8,"href":"https:\/\/doorhome.com.tr\/index.php?rest_route=\/wp\/v2\/pages\/1906\/revisions"}],"predecessor-version":[{"id":3040,"href":"https:\/\/doorhome.com.tr\/index.php?rest_route=\/wp\/v2\/pages\/1906\/revisions\/3040"}],"wp:attachment":[{"href":"https:\/\/doorhome.com.tr\/index.php?rest_route=%2Fwp%2Fv2%2Fmedia&parent=1906"}],"curies":[{"name":"wp","href":"https:\/\/api.w.org\/{rel}","templated":true}]}}