{"id":599,"date":"2020-11-30T09:01:49","date_gmt":"2020-11-30T09:01:49","guid":{"rendered":"http:\/\/old4.commonsupport.com\/apartio\/?page_id=599"},"modified":"2025-12-16T10:11:16","modified_gmt":"2025-12-16T10:11:16","slug":"about","status":"publish","type":"page","link":"https:\/\/doorhome.com.tr\/?page_id=599","title":{"rendered":"HAKKIMIZDA"},"content":{"rendered":"\t\t<div data-elementor-type=\"wp-page\" data-elementor-id=\"599\" class=\"elementor elementor-599\" data-elementor-post-type=\"page\">\n\t\t\t\t\t\t<section class=\"elementor-section elementor-top-section elementor-element elementor-element-db2e6a0 elementor-section-stretched elementor-section-full_width elementor-section-height-default elementor-section-height-default\" data-id=\"db2e6a0\" data-element_type=\"section\" data-settings=\"{&quot;stretch_section&quot;:&quot;section-stretched&quot;}\">\n\t\t\t\t\t\t<div class=\"elementor-container elementor-column-gap-no\">\n\t\t\t\t\t<div class=\"elementor-column elementor-col-100 elementor-top-column elementor-element elementor-element-e5393ee\" data-id=\"e5393ee\" data-element_type=\"column\">\n\t\t\t<div class=\"elementor-widget-wrap elementor-element-populated\">\n\t\t\t\t\t\t<div class=\"elementor-element elementor-element-47c9d8f elementor-widget elementor-widget-apartio_welcome\" data-id=\"47c9d8f\" data-element_type=\"widget\" data-widget_type=\"apartio_welcome.default\">\n\t\t\t\t<div class=\"elementor-widget-container\">\n\t\t\t\t\t        \n\t\t<!--Start Welcome Style1 Area-->\n\t\t<section class=\" welcome-style1-area\">\n\t\t\t\t\t\t<div class=\"layer-outer wow slideInLeft\" data-wow-delay=\"100ms\" data-wow-duration=\"2500ms\">\n\t\t\t\t<img decoding=\"async\" src=\"https:\/\/doorhome.com.tr\/wp-content\/uploads\/2020\/11\/shape-1-1.png\" alt=\"\">\n\t\t\t\t\t\t\t<\/div>\n\t\t\t<div class=\"container\">\n\t\t\t\t\t\t\t\t<div class=\"sec-title text-center\">\n\t\t\t\t\t<div class=\"title-icon\">\n\t\t\t\t\t\t<span class=\"icon-design\"><\/span>\n\t\t\t\t\t<\/div>\n\t\t\t\t\t<div class=\"sub-title\">\n\t\t\t\t\t\t<h4>Kaliteyle A\u00e7\u0131lan Kap\u0131lar<\/h4>\n\t\t\t\t\t<\/div>\n\t\t\t\t\t<h2>G\u00fcvenl\u0130 Ya\u015fam Alanlar\u0131n\u0131n \u0130mzas\u0131<\/h2>\n\t\t\t\t<\/div>\n\t\t\t\t\t\t\t\t<div class=\"row\">\n\t\t\t\t\t<div class=\"col-xl-12\">\n\t\t\t\t\t\t<div class=\"welcome-style1-content\">\n\t\t\t\t\t\t\t<div class=\"thm-logo-box paroller\">\n\t\t\t\t\t\t\t\t<span class=\"icon-logo thm_clr1\"><\/span>\n\t\t\t\t\t\t\t<\/div>\n\t\t\t\t\t\t\t<div class=\"top\">\n\t\t\t\t\t\t\t\t<ul>\n\t\t\t\t\t\t\t\t\t<li>\n\t\t\t\t\t\t\t\t\t\t<div class=\"img-box\">\n\t\t\t\t\t\t\t\t\t\t\t \n\t\t\t\t\t\t\t\t\t\t\t<div class=\"inner\">\n\t\t\t\t\t\t\t\t\t\t\t\t<img decoding=\"async\" src=\"https:\/\/doorhome.com.tr\/wp-content\/uploads\/2025\/12\/doorhome_door_25.png\" alt=\"\">\n\t\t\t\t\t\t\t\t\t\t\t\t\t\t\t\t\t\t\t\t\t\t\t<\/div>\n\t\t\t\t\t\t\t\t\t\t<\/div>\n\t\t\t\t\t\t\t\t\t\t<div class=\"text-box\">\n\t\t\t\t\t\t\t\t\t\t\t<h2>2009 y\u0131l\u0131nda DOORHOME KAPI S\u0130STEMLER\u0130<\/h2>\n\t\t\t\t\t\t\t\t\t\t\t<p>ad\u0131yla \u00e7elik kap\u0131 \u00fcretimine ba\u015flayan firmam\u0131z, 2020 y\u0131l\u0131 itibar\u0131yla i\u00e7 oda kap\u0131s\u0131 \u00fcretimini de b\u00fcnyesine katarak faaliyet alan\u0131n\u0131 geni\u015fletmi\u015ftir. Kuruldu\u011fumuz g\u00fcnden bu yana kalite, g\u00fcvenlik ve estetik odakl\u0131 \u00fcretim anlay\u0131\u015f\u0131m\u0131zla sekt\u00f6rde g\u00fc\u00e7l\u00fc ve g\u00fcvenilir bir marka olma yolunda ilerlemekteyiz.<\/p>\n\t\t\t\t\t\t\t\t\t\t\t<div class=\"theme-shape pdtop30\">\n\t\t\t\t\t\t\t\t\t\t\t\t<ul class=\"theme-shape-box clearfix text-center\">\n\t\t\t\t\t\t\t\t\t\t\t\t\t<li class=\"shap_item paroller-2\"><span class=\"icon-pic1\"><\/span><\/li>\n\t\t\t\t\t\t\t\t\t\t\t\t\t<li class=\"shap_item paroller-2\"><span class=\"icon-pic2\"><\/span><\/li>\n\t\t\t\t\t\t\t\t\t\t\t\t\t<li class=\"shap_item paroller-2\"><span class=\"icon-pic3\"><\/span><\/li>\n\t\t\t\t\t\t\t\t\t\t\t\t<\/ul>\n\t\t\t\t\t\t\t\t\t\t\t<\/div>\n\t\t\t\t\t\t\t\t\t\t<\/div>\n\t\t\t\t\t\t\t\t\t<\/li>\n\t\t\t\t\t\t\t\t<\/ul>\n\t\t\t\t\t\t\t<\/div>\n\t\t\t\t\t\t\t\n\t\t\t\t\t\t\t<div class=\"bottom\">\n\t\t\t\t\t\t\t\t<ul>\n\t\t\t\t\t\t\t\t\t<li>\n\t\t\t\t\t\t\t\t\t\t<div class=\"text-box\">\n\t\t\t\t\t\t\t\t\t\t\t<h2>Kayseri Organize Sanayi B\u00f6lgesi\u2019nde yer alan 18.000 m\u00b2 fabrika alan\u0131 ve 8.000 m\u00b2 \u00fcretim alan\u0131<\/h2>\n\t\t\t\t\t\t\t\t\t\t\t<p>ile modern \u00fcretim altyap\u0131s\u0131na sahip olan DOORHOME KAPI S\u0130STEMLER\u0130, T\u00fcrkiye genelinde ve yurt d\u0131\u015f\u0131nda 56 farkl\u0131 \u00fclkeye ihracat ger\u00e7ekle\u015ftirmektedir. Sahip oldu\u011fumuz tecr\u00fcbe ve \u00fcretim g\u00fcc\u00fc sayesinde \u00e7elik kap\u0131 ve i\u00e7 oda kap\u0131s\u0131 \u00fcretiminde y\u00fcksek kalite standartlar\u0131n\u0131 ba\u015far\u0131yla uygulamaktay\u0131z.<\/p>\n\t\t\t\t\t\t\t\t\t\t\t<div class=\"theme-shape pdtop30\">\n\t\t\t\t\t\t\t\t\t\t\t\t<ul class=\"theme-shape-box clearfix text-center\">\n\t\t\t\t\t\t\t\t\t\t\t\t\t<li class=\"shap_item paroller-2\"><span class=\"icon-pic1\"><\/span><\/li>\n\t\t\t\t\t\t\t\t\t\t\t\t\t<li class=\"shap_item paroller-2\"><span class=\"icon-pic2\"><\/span><\/li>\n\t\t\t\t\t\t\t\t\t\t\t\t\t<li class=\"shap_item paroller-2\"><span class=\"icon-pic3\"><\/span><\/li>\n\t\t\t\t\t\t\t\t\t\t\t\t<\/ul>\n\t\t\t\t\t\t\t\t\t\t\t<\/div>\n\t\t\t\t\t\t\t\t\t\t<\/div>\n\t\t\t\t\t\t\t\t\t\t<div class=\"img-box\">\n\t\t\t\t\t\t\t\t\t\t\t \n\t\t\t\t\t\t\t\t\t\t\t<div class=\"inner\">\n\t\t\t\t\t\t\t\t\t\t\t\t<img decoding=\"async\" src=\"https:\/\/doorhome.com.tr\/wp-content\/uploads\/2025\/12\/doorhome_building-scaled.png\" alt=\"\">\n\t\t\t\t\t\t\t\t\t\t\t\t\t\t\t\t\t\t\t\t\t\t\t<\/div>\n\t\t\t\t\t\t\t\t\t\t<\/div>\n\t\t\t\t\t\t\t\t\t<\/li>\n\t\t\t\t\t\t\t\t<\/ul>\n\t\t\t\t\t\t\t<\/div>\n\t\t\t\t\t\t\t\n\t\t\t\t\t\t<\/div>\n\t\t\t\t\t<\/div>\n\t\t\t\t<\/div>\n\t\t\t<\/div>\n\t\t<\/section>\n\t\t<!--End Welcome Style1 Area-->\n             \n\t\t\t\t\t\t<\/div>\n\t\t\t\t<\/div>\n\t\t\t\t\t<\/div>\n\t\t<\/div>\n\t\t\t\t\t<\/div>\n\t\t<\/section>\n\t\t\t\t<section class=\"elementor-section elementor-top-section elementor-element elementor-element-6009252b elementor-section-stretched elementor-section-full_width elementor-section-height-default elementor-section-height-default\" data-id=\"6009252b\" data-element_type=\"section\" data-settings=\"{&quot;stretch_section&quot;:&quot;section-stretched&quot;}\">\n\t\t\t\t\t\t<div class=\"elementor-container elementor-column-gap-no\">\n\t\t\t\t\t<div class=\"elementor-column elementor-col-100 elementor-top-column elementor-element elementor-element-306601d5\" data-id=\"306601d5\" data-element_type=\"column\">\n\t\t\t<div class=\"elementor-widget-wrap elementor-element-populated\">\n\t\t\t\t\t\t<div class=\"elementor-element elementor-element-1b4a798 elementor-widget elementor-widget-apartio_funfact4\" data-id=\"1b4a798\" data-element_type=\"widget\" data-widget_type=\"apartio_funfact4.default\">\n\t\t\t\t<div class=\"elementor-widget-container\">\n\t\t\t\t\t        \n\t\t<!--Start Fact Counter Style2 Area-->\n\t\t<section class=\"style2instyle4 about-page fact-counter-style2-area style2instyle4\">\n\t\t\t\t\t\t<div class=\"layer-outer\" style=\"background-image: url(https:\/\/doorhome.com.tr\/wp-content\/uploads\/2020\/11\/fact-counter-about-page-shape-1.png)\">\n\t\t\t\t\t\t<\/div>\n\t\t\t\n\t\t\t<div class=\"container\">\n\t\t\t\t<div class=\"row\">\n\t\t\t\t\t<div class=\"col-xl-12\">\n\t\t\t\t\t\t<div class=\"fact-counter-style2\">\n\t\t\t\t\t\t\t<ul class=\"fact-counter-box-style2 clearfix\">\n\t\t\t\t\t\t\t\t\t\t\t\t\t\t\t\t<!--Start Single Fact Counter-->\n\t\t\t\t\t\t\t\t<li class=\"single-fact-counter-style2 style2instyle4 wow fadeInUp text-center\" data-wow-delay=\"100ms\" data-wow-duration=\"1500ms\">\n\t\t\t\t\t\t\t\t\t<div class=\"sub-title\">\n\t\t\t\t\t\t\t\t\t\t<h5>Metre Kare Alan<\/h5>    \n\t\t\t\t\t\t\t\t\t<\/div>\n\t\t\t\t\t\t\t\t\t<div class=\"icon-box\">\n\t\t\t\t\t\t\t\t\t\t<span class=\" icon-icon25\"><\/span>\n\t\t\t\t\t\t\t\t\t<\/div>\n\t\t\t\t\t\t\t\t\t<div class=\"count-box\">\n\t\t\t\t\t\t\t\t\t\t<h2>\n\t\t\t\t\t\t\t\t\t\t\t<span class=\"timer\" data-from=\"1\" data-to=\"560\" data-speed=\"5000\" data-refresh-interval=\"50\">560<\/span>\n\t\t\t\t\t\t\t\t\t\t<\/h2>\n\t\t\t\t\t\t\t\t\t<\/div>\n\t\t\t\t\t\t\t\t<\/li>\n\t\t\t\t\t\t\t\t<!--End Single Fact Counter-->\n\t\t\t\t\t\t\t\t\t\t\t\t\t\t\t\t<!--Start Single Fact Counter-->\n\t\t\t\t\t\t\t\t<li class=\"single-fact-counter-style2 style2instyle4 wow fadeInUp text-center\" data-wow-delay=\"100ms\" data-wow-duration=\"1500ms\">\n\t\t\t\t\t\t\t\t\t<div class=\"sub-title\">\n\t\t\t\t\t\t\t\t\t\t<h5>Sat\u0131lan Daireler<\/h5>    \n\t\t\t\t\t\t\t\t\t<\/div>\n\t\t\t\t\t\t\t\t\t<div class=\"icon-box\">\n\t\t\t\t\t\t\t\t\t\t<span class=\" icon-icon54\"><\/span>\n\t\t\t\t\t\t\t\t\t<\/div>\n\t\t\t\t\t\t\t\t\t<div class=\"count-box\">\n\t\t\t\t\t\t\t\t\t\t<h2>\n\t\t\t\t\t\t\t\t\t\t\t<span class=\"timer\" data-from=\"1\" data-to=\"1970\" data-speed=\"5000\" data-refresh-interval=\"50\">1970<\/span>\n\t\t\t\t\t\t\t\t\t\t<\/h2>\n\t\t\t\t\t\t\t\t\t<\/div>\n\t\t\t\t\t\t\t\t<\/li>\n\t\t\t\t\t\t\t\t<!--End Single Fact Counter-->\n\t\t\t\t\t\t\t\t\t\t\t\t\t\t\t\t<!--Start Single Fact Counter-->\n\t\t\t\t\t\t\t\t<li class=\"single-fact-counter-style2 style2instyle4 wow fadeInUp text-center\" data-wow-delay=\"100ms\" data-wow-duration=\"1500ms\">\n\t\t\t\t\t\t\t\t\t<div class=\"sub-title\">\n\t\t\t\t\t\t\t\t\t\t<h5>Toplam Yap\u0131 Say\u0131s\u0131<\/h5>    \n\t\t\t\t\t\t\t\t\t<\/div>\n\t\t\t\t\t\t\t\t\t<div class=\"icon-box\">\n\t\t\t\t\t\t\t\t\t\t<span class=\" icon-icon45\"><\/span>\n\t\t\t\t\t\t\t\t\t<\/div>\n\t\t\t\t\t\t\t\t\t<div class=\"count-box\">\n\t\t\t\t\t\t\t\t\t\t<h2>\n\t\t\t\t\t\t\t\t\t\t\t<span class=\"timer\" data-from=\"1\" data-to=\"2068\" data-speed=\"5000\" data-refresh-interval=\"50\">2068<\/span>\n\t\t\t\t\t\t\t\t\t\t<\/h2>\n\t\t\t\t\t\t\t\t\t<\/div>\n\t\t\t\t\t\t\t\t<\/li>\n\t\t\t\t\t\t\t\t<!--End Single Fact Counter-->\n\t\t\t\t\t\t\t\t\t\t\t\t\t\t\t\t<!--Start Single Fact Counter-->\n\t\t\t\t\t\t\t\t<li class=\"single-fact-counter-style2 style2instyle4 wow fadeInUp text-center\" data-wow-delay=\"100ms\" data-wow-duration=\"1500ms\">\n\t\t\t\t\t\t\t\t\t<div class=\"sub-title\">\n\t\t\t\t\t\t\t\t\t\t<h5>D\u0131\u015f Ticaret<\/h5>    \n\t\t\t\t\t\t\t\t\t<\/div>\n\t\t\t\t\t\t\t\t\t<div class=\"icon-box\">\n\t\t\t\t\t\t\t\t\t\t<span class=\"fas fa-globe-americas\"><\/span>\n\t\t\t\t\t\t\t\t\t<\/div>\n\t\t\t\t\t\t\t\t\t<div class=\"count-box\">\n\t\t\t\t\t\t\t\t\t\t<h2>\n\t\t\t\t\t\t\t\t\t\t\t<span class=\"timer\" data-from=\"1\" data-to=\"40\" data-speed=\"5000\" data-refresh-interval=\"50\">40<\/span>\n\t\t\t\t\t\t\t\t\t\t<\/h2>\n\t\t\t\t\t\t\t\t\t<\/div>\n\t\t\t\t\t\t\t\t<\/li>\n\t\t\t\t\t\t\t\t<!--End Single Fact Counter-->\n\t\t\t\t\t\t\t\t\t\t\t\t\t\t\t<\/ul>\n\t\t\t\t\t\t<\/div>\n\t\t\t\t\t<\/div>\n\t\t\t\t<\/div>\n\t\t\t<\/div>\n\t\t<\/section>   \n\t\t<!--End Fact Counter Style2 Area-->\n             \n\t\t\t\t\t\t<\/div>\n\t\t\t\t<\/div>\n\t\t\t\t\t<\/div>\n\t\t<\/div>\n\t\t\t\t\t<\/div>\n\t\t<\/section>\n\t\t\t\t<section class=\"elementor-section elementor-top-section elementor-element elementor-element-3bef8978 elementor-section-stretched elementor-section-full_width elementor-section-height-default elementor-section-height-default\" data-id=\"3bef8978\" data-element_type=\"section\" data-settings=\"{&quot;stretch_section&quot;:&quot;section-stretched&quot;}\">\n\t\t\t\t\t\t<div class=\"elementor-container elementor-column-gap-no\">\n\t\t\t\t\t<div class=\"elementor-column elementor-col-100 elementor-top-column elementor-element elementor-element-9bb5921\" data-id=\"9bb5921\" data-element_type=\"column\">\n\t\t\t<div class=\"elementor-widget-wrap elementor-element-populated\">\n\t\t\t\t\t\t<div class=\"elementor-element elementor-element-3f632893 elementor-widget__width-inherit elementor-widget elementor-widget-apartio_service_icon6\" data-id=\"3f632893\" data-element_type=\"widget\" data-widget_type=\"apartio_service_icon6.default\">\n\t\t\t\t<div class=\"elementor-widget-container\">\n\t\t\t\t\t        \n\t\t<!--Start features style2 Area-->\n\t\t<section class=\" features-style2-area about-page\">\n\t\t\t<div class=\"container\">\n\t\t\t\t\t\t\t\t<div class=\"sec-title text-center\">\n\t\t\t\t\t<div class=\"title-icon\">\n\t\t\t\t\t\t<span class=\"icon-design\"><\/span>\n\t\t\t\t\t<\/div>\n\t\t\t\t\t<div class=\"sub-title\">\n\t\t\t\t\t\t<h4>G\u00fcven, Estetik ve Dayan\u0131kl\u0131l\u0131k Bir Arada<\/h4>\n\t\t\t\t\t<\/div>\n\t\t\t\t\t<h2>M\u0130syonumuz & V\u0130zyonumuz<\/h2>\n\t\t\t\t<\/div>\n\t\t\t\t\t\t\t\t<div class=\"row\">\n\t\t\t\t\t\t\t\t\t\t<!--Start Single Features Box Style2-->\n\t\t\t\t\t<div class=\"col-xl-6 col-lg-4\">\n\t\t\t\t\t\t<div class=\"single-features-box-style2 text-center\">\n\t\t\t\t\t\t\t<div class=\"icon-holder\">\n\t\t\t\t\t\t\t\t<div class=\"inner\">\n\t\t\t\t\t\t\t\t\t<span class=\"fas fa-sun\"><\/span>\n\t\t\t\t\t\t\t\t<\/div>\n\t\t\t\t\t\t\t<\/div>\n\t\t\t\t\t\t\t<div class=\"text-holder\">\n\t\t\t\t\t\t\t\t<h3>Misyonumuz<\/h3>\n\t\t\t\t\t\t\t\t<p>DOORHOME KAPI S\u0130STEMLER\u0130 olarak misyonumuz; estetik, dayan\u0131kl\u0131 ve g\u00fcvenli kap\u0131 \u00e7\u00f6z\u00fcmleri sunarak ya\u015fam alanlar\u0131na de\u011fer katmakt\u0131r. Modern \u00fcretim tesislerimizde, y\u00fcksek kalite standartlar\u0131nda \u00fcretti\u011fimiz \u00e7elik kap\u0131lar ve i\u00e7 oda kap\u0131lar\u0131 ile m\u00fc\u015fterilerimize uzun \u00f6m\u00fcrl\u00fc, fonksiyonel ve \u015f\u0131k \u00fcr\u00fcnler sunmay\u0131 hedefliyoruz.\n\nYurt i\u00e7i ve yurt d\u0131\u015f\u0131nda, Orta Do\u011fu, Afrika, Avrupa ve Amerika ba\u015fta olmak \u00fczere d\u00fcnyan\u0131n d\u00f6rt bir yan\u0131na g\u00fcvenilir ihracat operasyonlar\u0131m\u0131zla ula\u015farak; projelere \u00f6zel, ihtiyaca uygun kap\u0131 \u00e7\u00f6z\u00fcmleri geli\u015ftiriyoruz. M\u00fc\u015fteri memnuniyetini her zaman \u00f6n planda tutarak, kaliteli hizmet, h\u0131zl\u0131 \u00fcretim ve zaman\u0131nda teslimat prensipleriyle \u00e7al\u0131\u015f\u0131yoruz.<\/p>\n\t\t\t\t\t\t\t<\/div>    \n\t\t\t\t\t\t<\/div>\n\t\t\t\t\t<\/div>\n\t\t\t\t\t<!--End Single Features Box Style2-->\n\t\t\t\t\t\t\t\t\t\t<!--Start Single Features Box Style2-->\n\t\t\t\t\t<div class=\"col-xl-6 col-lg-4\">\n\t\t\t\t\t\t<div class=\"single-features-box-style2 text-center\">\n\t\t\t\t\t\t\t<div class=\"icon-holder\">\n\t\t\t\t\t\t\t\t<div class=\"inner\">\n\t\t\t\t\t\t\t\t\t<span class=\"far fa-gem\"><\/span>\n\t\t\t\t\t\t\t\t<\/div>\n\t\t\t\t\t\t\t<\/div>\n\t\t\t\t\t\t\t<div class=\"text-holder\">\n\t\t\t\t\t\t\t\t<h3>Vizyonumuz<\/h3>\n\t\t\t\t\t\t\t\t<p>DOORHOME KAPI S\u0130STEMLER\u0130 olarak vizyonumuz; \u00fcr\u00fcn kalitesi ve esteti\u011finden \u00f6d\u00fcn vermeden, yurt i\u00e7i ve yurt d\u0131\u015f\u0131ndaki bayi a\u011f\u0131m\u0131z\u0131 s\u00fcrekli geni\u015fleterek istihdam\u0131 art\u0131rmak ve \u00fclke ekonomisine katk\u0131 sa\u011flamakt\u0131r. Uluslararas\u0131 standartlarda \u00fcr\u00fcnler geli\u015ftirerek, kalite seviyesi y\u00fcksek \u00fcretim anlay\u0131\u015f\u0131m\u0131zla d\u00fcnya \u00e7ap\u0131nda tercih edilen bir marka olmay\u0131 hedefliyoruz.\n\nGeli\u015fen teknolojiyi ve tasar\u0131m trendlerini yak\u0131ndan takip ederek, g\u00fcvenli\u011fi estetikle bulu\u015fturan yenilik\u00e7i kap\u0131 \u00e7\u00f6z\u00fcmleri sunmaya ve global pazarda g\u00fc\u00e7l\u00fc bir T\u00fcrk markas\u0131 olarak konumlanmaya devam ediyoruz.<\/p>\n\t\t\t\t\t\t\t<\/div>    \n\t\t\t\t\t\t<\/div>\n\t\t\t\t\t<\/div>\n\t\t\t\t\t<!--End Single Features Box Style2-->\n\t\t\t\t\t\t\t\t\t<\/div>\n\t\t\t<\/div>\n\t\t<\/section>\n\t\t<!--End features style2 Area-->\n             \n\t\t\t\t\t\t<\/div>\n\t\t\t\t<\/div>\n\t\t\t\t\t<\/div>\n\t\t<\/div>\n\t\t\t\t\t<\/div>\n\t\t<\/section>\n\t\t\t\t<section class=\"elementor-section elementor-top-section elementor-element elementor-element-7efc7f9 elementor-section-stretched elementor-section-full_width elementor-section-height-default elementor-section-height-default\" data-id=\"7efc7f9\" data-element_type=\"section\" data-settings=\"{&quot;stretch_section&quot;:&quot;section-stretched&quot;}\">\n\t\t\t\t\t\t<div class=\"elementor-container elementor-column-gap-no\">\n\t\t\t\t\t<div class=\"elementor-column elementor-col-100 elementor-top-column elementor-element elementor-element-3c3d8e75\" data-id=\"3c3d8e75\" data-element_type=\"column\">\n\t\t\t<div class=\"elementor-widget-wrap elementor-element-populated\">\n\t\t\t\t\t\t<div class=\"elementor-element elementor-element-33d1ace5 elementor-widget__width-inherit elementor-widget elementor-widget-apartio_story\" data-id=\"33d1ace5\" data-element_type=\"widget\" data-widget_type=\"apartio_story.default\">\n\t\t\t\t<div class=\"elementor-widget-container\">\n\t\t\t\t\t        \n\t\t<!--Stat story Area-->\n\t\t<section class=\" story-area pdtop0\">\n\t\t\t\t\t\t<div class=\"layer-outer paroller-2\" style=\"background-image: url(https:\/\/doorhome.com.tr\/wp-content\/uploads\/2020\/11\/building-1.png)\">\n\t\t\t\t\t\t<\/div>\n\t\t\t<div class=\"container\">\n\t\t\t\t<div class=\"row\">\n\t\t\t\t\t<div class=\"col-xl-12\">\n\t\t\t\t\t\t<div class=\"story-content-box\">\n\t\t\t\t\t\t\t\t\t\t\t\t\t\t<div class=\"story-img-bg\" style=\"background-image: url(https:\/\/doorhome.com.tr\/wp-content\/uploads\/2025\/12\/doorhome_door_26.png)\">\n\t\t\t\t\t\t\t\t\t\t\t\t\t\t<\/div>\n\t\t\t\t\t\t\t<div class=\"inner-content\">\n\t\t\t\t\t\t\t\t<div class=\"sec-title\">\n\t\t\t\t\t\t\t\t\t<div class=\"title-icon\">\n\t\t\t\t\t\t\t\t\t\t<span class=\"icon-design\"><\/span>\n\t\t\t\t\t\t\t\t\t<\/div>\n\t\t\t\t\t\t\t\t\t<h2>Global Kalite, Yerli G\u00fc\u00e7<\/h2>\n\t\t\t\t\t\t\t\t<\/div>\n\t\t\t\t\t\t\t\t<div class=\"text\">\n\t\t\t\t\t\t\t\t\t<p>Ayl\u0131k 2.500 adet \u00e7elik kap\u0131 ve 2.000 adet i\u00e7 oda kap\u0131s\u0131 \u00fcretim kapasitesine sahip olan firmam\u0131z, uluslararas\u0131 kalite standartlar\u0131na uygun olarak \u00fcretim yapmakta; gerekli t\u00fcm kalite belgeleri ve sertifikalar ile \u00fcr\u00fcnlerini m\u00fc\u015fterilerine sunmaktad\u0131r. DOORHOME KAPI S\u0130STEMLER\u0130, sundu\u011fu kaliteli \u00fcr\u00fcnler ve g\u00fc\u00e7l\u00fc ihracat a\u011f\u0131yla \u00fclke ekonomisine katk\u0131 sa\u011flayan ba\u015far\u0131l\u0131 bir T\u00fcrk markas\u0131d\u0131r.<\/p>\n\t\t\t\t\t\t\t\t\t<div class=\"bottom-text\">\n\t\t\t\t\t\t\t\t\t\t<p><\/p>\n\t\t\t\t\t\t\t\t\t<\/div>\n\t\t\t\t\t\t\t\t\t\t\t\t\t\t\t\t\t\t<div class=\"button-box\">\n\t\t\t\t\t\t\t\t\t\t<a class=\"btn-two\" href=\"#\"><span class=\"txt\"><\/span><\/a>\n\t\t\t\t\t\t\t\t\t<\/div>\n\t\t\t\t\t\t\t\t\t\t\t\t\t\t\t\t\t<\/div>\n\t\t\t\t\t\t\t<\/div>\n\t\t\t\t\t\t<\/div>  \n\t\t\t\t\t<\/div>\n\t\t\t\t<\/div>\n\t\t\t<\/div>\n\t\t<\/section>\n\t\t<!--End story Area-->\n             \n\t\t\t\t\t\t<\/div>\n\t\t\t\t<\/div>\n\t\t\t\t\t<\/div>\n\t\t<\/div>\n\t\t\t\t\t<\/div>\n\t\t<\/section>\n\t\t<div class=\"elementor-element elementor-element-aba7c93 e-flex e-con-boxed e-con e-parent\" data-id=\"aba7c93\" data-element_type=\"container\">\n\t\t\t\t\t<div class=\"e-con-inner\">\n\t\t\t\t<div class=\"elementor-element elementor-element-fa04b08 elementor-widget elementor-widget-text-editor\" data-id=\"fa04b08\" data-element_type=\"widget\" data-widget_type=\"text-editor.default\">\n\t\t\t\t\t\t\t\t\t<p>\u00dcr\u00fcn kalitemizi s\u00fcrekli geli\u015ftirmek amac\u0131yla y\u00fcr\u00fctt\u00fc\u011f\u00fcm\u00fcz <strong data-start=\"1054\" data-end=\"1075\">AR-GE \u00e7al\u0131\u015fmalar\u0131<\/strong>, g\u00fcncel teknolojik geli\u015fmeler ve modern tasar\u0131m trendleriyle birle\u015ftirilerek \u00fcretim s\u00fcre\u00e7lerimize entegre edilmektedir. M\u00fc\u015fteri ihtiya\u00e7lar\u0131n\u0131 do\u011fru analiz eden yakla\u015f\u0131m\u0131m\u0131zla, \u00fcretimden son kullan\u0131c\u0131ya kadar ge\u00e7en t\u00fcm a\u015famalarda \u00fcr\u00fcnlerimizin arkas\u0131nda durarak g\u00fcvenli, estetik ve uzun \u00f6m\u00fcrl\u00fc kap\u0131 \u00e7\u00f6z\u00fcmleri sunmaktay\u0131z.<\/p>\t\t\t\t\t\t\t\t<\/div>\n\t\t\t\t\t<\/div>\n\t\t\t\t<\/div>\n\t\t\t\t<\/div>\n\t\t","protected":false},"excerpt":{"rendered":"<p>Kaliteyle A\u00e7\u0131lan Kap\u0131lar G\u00fcvenl\u0130 Ya\u015fam Alanlar\u0131n\u0131n \u0130mzas\u0131 2009 y\u0131l\u0131nda DOORHOME KAPI S\u0130STEMLER\u0130 ad\u0131yla \u00e7elik kap\u0131 \u00fcretimine ba\u015flayan firmam\u0131z, 2020 y\u0131l\u0131 itibar\u0131yla i\u00e7 oda kap\u0131s\u0131 \u00fcretimini de b\u00fcnyesine katarak faaliyet alan\u0131n\u0131 geni\u015fletmi\u015ftir. Kuruldu\u011fumuz g\u00fcnden bu yana kalite, g\u00fcvenlik ve estetik odakl\u0131 \u00fcretim anlay\u0131\u015f\u0131m\u0131zla sekt\u00f6rde g\u00fc\u00e7l\u00fc ve g\u00fcvenilir bir marka olma yolunda ilerlemekteyiz. Kayseri Organize Sanayi B\u00f6lgesi\u2019nde [&hellip;]<\/p>\n","protected":false},"author":1,"featured_media":0,"parent":0,"menu_order":0,"comment_status":"closed","ping_status":"closed","template":"tpl-default-elementor.php","meta":{"footnotes":""},"class_list":["post-599","page","type-page","status-publish","hentry"],"jetpack_sharing_enabled":true,"_links":{"self":[{"href":"https:\/\/doorhome.com.tr\/index.php?rest_route=\/wp\/v2\/pages\/599","targetHints":{"allow":["GET"]}}],"collection":[{"href":"https:\/\/doorhome.com.tr\/index.php?rest_route=\/wp\/v2\/pages"}],"about":[{"href":"https:\/\/doorhome.com.tr\/index.php?rest_route=\/wp\/v2\/types\/page"}],"author":[{"embeddable":true,"href":"https:\/\/doorhome.com.tr\/index.php?rest_route=\/wp\/v2\/users\/1"}],"replies":[{"embeddable":true,"href":"https:\/\/doorhome.com.tr\/index.php?rest_route=%2Fwp%2Fv2%2Fcomments&post=599"}],"version-history":[{"count":11,"href":"https:\/\/doorhome.com.tr\/index.php?rest_route=\/wp\/v2\/pages\/599\/revisions"}],"predecessor-version":[{"id":3168,"href":"https:\/\/doorhome.com.tr\/index.php?rest_route=\/wp\/v2\/pages\/599\/revisions\/3168"}],"wp:attachment":[{"href":"https:\/\/doorhome.com.tr\/index.php?rest_route=%2Fwp%2Fv2%2Fmedia&parent=599"}],"curies":[{"name":"wp","href":"https:\/\/api.w.org\/{rel}","templated":true}]}}